{"id":856,"date":"2021-03-23T12:00:10","date_gmt":"2021-03-23T10:00:10","guid":{"rendered":"http:\/\/www.luclerouge.net\/blog\/?page_id=856"},"modified":"2022-08-04T16:28:02","modified_gmt":"2022-08-04T14:28:02","slug":"cv","status":"publish","type":"page","link":"https:\/\/www.luclerouge.net\/blog\/a-propos\/cv\/","title":{"rendered":"cv"},"content":{"rendered":"\t\t<div data-elementor-type=\"wp-page\" data-elementor-id=\"856\" class=\"elementor elementor-856\">\n\t\t\t\t\t\t<section class=\"elementor-section elementor-top-section elementor-element elementor-element-8d058ed elementor-section-boxed elementor-section-height-default elementor-section-height-default\" data-id=\"8d058ed\" data-element_type=\"section\">\n\t\t\t\t\t\t<div class=\"elementor-container elementor-column-gap-default\">\n\t\t\t\t\t<div class=\"elementor-column elementor-col-100 elementor-top-column elementor-element elementor-element-a657a7f\" data-id=\"a657a7f\" data-element_type=\"column\">\n\t\t\t<div class=\"elementor-widget-wrap elementor-element-populated\">\n\t\t\t\t\t\t<div class=\"elementor-element elementor-element-9b5b203 elementor-widget elementor-widget-heading\" data-id=\"9b5b203\" data-element_type=\"widget\" data-widget_type=\"heading.default\">\n\t\t\t\t<div class=\"elementor-widget-container\">\n\t\t\t\t\t<h3 class=\"elementor-heading-title elementor-size-default\">cv<\/h3>\t\t\t\t<\/div>\n\t\t\t\t<\/div>\n\t\t\t\t\t<\/div>\n\t\t<\/div>\n\t\t\t\t\t<\/div>\n\t\t<\/section>\n\t\t\t\t<section class=\"elementor-section elementor-top-section elementor-element elementor-element-aa9ee8a elementor-section-boxed elementor-section-height-default elementor-section-height-default\" data-id=\"aa9ee8a\" data-element_type=\"section\">\n\t\t\t\t\t\t<div class=\"elementor-container elementor-column-gap-default\">\n\t\t\t\t\t<div class=\"elementor-column elementor-col-100 elementor-top-column elementor-element elementor-element-d375d88\" data-id=\"d375d88\" data-element_type=\"column\">\n\t\t\t<div class=\"elementor-widget-wrap elementor-element-populated\">\n\t\t\t\t\t\t<div class=\"elementor-element elementor-element-f5ed786 elementor-widget elementor-widget-text-editor\" data-id=\"f5ed786\" data-element_type=\"widget\" data-widget_type=\"text-editor.default\">\n\t\t\t\t<div class=\"elementor-widget-container\">\n\t\t\t\t\t\t\t\t\t<p>2022<br>\nDiagonale espace critique, un combat culturel, 59RIV, Paris, 75<\/p>\n<p>2021<br>\nouverture de l&rsquo;atelier, JAA Occitanie, Clarensac 30<\/p>\n<p>2021<br>\nsans masque ni virus, 4 saisons de l\u2019art, Les Artistes Nomades, Aubais, 30<\/p>\n<p>2020<br>\nsans masque ni virus, 4 saisons de l\u2019art, Les Artistes Nomades, Aubais, 30<\/p>\n<p>2019<br>\nOuverture de l\u2019atelier, journ\u00e9e Occitanie, Clarensac,30<\/p>\n<p>2018<br>\nsans gaz ni trompette #2, QUATRE SAISONS DE L\u2019ART, Les Artistes \tNomades, Aubais, 30<\/p>\n<p>2017<br>\n07\/07\/1J, My art goes boom, atelier Spirale Latelier, S\u00e8te,34<br>\nsans gaz ni trompette #1, QUATRE SAISONS DE L\u2019ART, Les Artistes Nomades, Aubais, 30<\/p>\n<p>2016<br>\nNUAGES BLEUS, Journ\u00e9es Europ\u00e9ennes du Patrimoine, Manoir de la Vove, Corbon, 61<br>\nFRAGILE, GALERIE SATELLITE, Paris<\/p>\n<p>2015<br>\nTRUCS EN VRAC, My Art Goes Boom, Le Club, N\u00eemes,30<br>\nTERRITOIRES D\u2019\u00c9CRITURES, CAVEAU D\u2019H\u00c9RACL\u00c8S, Les Artistes Nomades, Aigues Vives, 30<\/p>\n<p>2014<br>\n1M2, galerie Lucia, N\u00eemes, 30<br>\nA NOUS LA M\u00c9DIATH\u00c8QUE, M\u00c9DIATH\u00c8QUE de Calvisson, Calvisson,<br>\nCONTENANT\/CONTENU, galerie 4 BARBIER, N\u00eemes, 30<br>\nT\u00d4T OU TARD #3, ATELIER \u00c9TANT DONN\u00c9, N\u00eemes, 30<\/p>\n<p>2013<br>\nL\u2019Un(E) et L\u2019Autre#1, \u00ab LES ANNONCIATIONS \u00bb, \u00ab Luc Lerouge invite \tBernard Fran\u00e7ois \u00bb, ESPACE CULTUREL LA MARMITE, Chevry-\tCossigny, 77<\/p>\n<p>2012<br>\nLES ARTISTES DE CHEVRY, LA MARMITE, Chevry Cossigny, 77<\/p>\n<p>2011<br>\nSALON D\u2019ART CONTEMPORAIN, Ch\u00e2teau des Bouillants, Dammarie-Les-Lys, 77<\/p>\n<p>2010<br>\nTROT\u2019ART,<br>\nOH !LES BELLES CHOSES sur le th\u00e8me desJARDINSEXTRAORDINAIRES,installationavec Joe Big<br>\nBig et la participation d\u2019artistes amateurs d\u00e9ficients mentaux dans le parc de l\u2019\u00e9tang des ibis, Lognes,<br>\n77<\/p>\n<p>2009<br>\nLA VIE EST PROBABLEMENT RONDE&gt; EXPOSITION #3, restaurant \tLA FABRIQUE, Brie Comte Robert, 77<br>\n35 ANS APR\u00c8S dans le cadre de l\u2019exposition de Hernani Cor, Galerie \tART ACTUEL, Paris<\/p>\n<p>2008<br>\nLA VIE EST PROBABLEMENT RONDE #8, BIENNALE D\u2019ART CONTEMPORAIN DE CACHAN,<br>\nCachan, 94<br>\nLA VIE EST PROBABLEMENT RONDE&gt; EXPOSITION #2, M\u00c9DIATH\u00c8QUE de Calvisson, Calvisson,30<\/p>\n<p>2007<br>\nLES TROIS T, 3\u00e8me BIENNALE ARMORICAINE D\u2019ART CONTEMPORAIN, \u00ab Le Regard des Autres,<br>\nComplexe Culturel LE CAP, Pl\u00e9rin, 22<br>\nLA VIE EST PROBABLEMENT RONDE&gt; EXPOSITION #1, H\u00d4TEL-DIEU XIIIe, Brie-Comte-Robert,<br>\n77<br>\nMOZAIQUES, Ferme d\u2019Ayau, Roissy en Brie, 77<\/p>\n<p>2006<br>\nLA VIE EST PROBABLEMENT RONDE #2, \u00c9T\u00c9 DES ARTS, \tCOLL\u00c9GIALE DE THYL, 21<br>\nPARCOURS D\u2019ARTISTES, Pontault-Combault, 77<\/p>\n<p>2002<br>\nENTRE LA VIE ET MOI\u2026, CROSSING TIME international, DARDINGTON ARTS COLLEGE, Totnes,<br>\nGRANDE BRETAGNE<br>\nIDENTIT\u00c9S NOMADES-YUBOKUTEKI CHUTAI, CENTRE CULTUREL, Chelles, 77<br>\nCRANE SYMPOSIUM #8, VENAREY LES LAUMES, Bourgogne, 21<br>\nNINE DRAGON HEADS, 7\u00e8me SYMPOSIUM D\u2019ART \tENVIRONNEMENTAL Cheong Ju et Menui,<br>\nCOR\u00c9E DU SUD.<br>\nSALON D\u2019ART CONTEMPORAIN, Ch\u00e2teau des Bouillants, Dammarie-les-lys, 77<br>\nfestival VIRUS, Galerie ARTEKNO, Paris<br>\nVIA FESTIVAL #8, Studio MULTITUDE, Paris<\/p>\n<p>2001<br>\nIDENTIT\u00c9S NOMADES-YUBOKUTEKI CHUTAI, CENTRE CULTUREL \tLA FONTAINE, H\u00f4tel-Dieu XIIIe, Brie Comte Robert, 77<br>\nIDENTIT\u00c9S NOMADES-YUBOKUTEKI CHUTAI, ART ACTION ACTUEL St Jean De Richelieu, QU\u00c9BEC, Canada<br>\nVIA FESTIVAL #7, Galerie LA LOGE, Paris<br>\nUNBEARABLE ARTS FESTIVAL:<br>\nFUSION ARTS, New York City, USA<br>\nSPECTRA DIGITAL ARTS GALLERY, New York City, USA<br>\nBULLET SPACE, New York City, USA<br>\nCRANE SYMPOSIUM #7, Quincerot, 21<br>\nFRONTI\u00c8RES DES MONDES, PAVILLON DE L\u2019\u00c9RABLE, DOMAINE DE BEL \u00c9BAT, Avon, 77<br>\nLAVOIR MODERNE PARISIEN, \u00ab D\u00c9LAVAGE-15 ANS DU LMP \u00bb, Paris<br>\nFAITES DE LA LUMI\u00c8RE, Quincerot, 21<\/p>\n<p>2000<br>\nVIA FESTIVAL #6, Conservatoire de Musique de Chelles, 77<br>\nINNER SPACE GALLERY Festival, \u201cLa Dolce Vita\u201d, Poznan, Pologne<br>\nCRANE SYMPOSIUM #6, Ch\u00e2teau de Quincerot, Parc de la Mairie, Semur-en-Auxois, 21<\/p>\n<p>1999<br>\nVIA FESTIVAL #5, galerie CHRISTIAN SIRET, Palais Royal, Paris<br>\nSALON D\u2019ART CONTEMPORAIN, Ch\u00e2teau des Bouillants Dammarie les-lys, 77<br>\nCRANE SYMPOSIUM #5, Quincerot, 21<br>\nfestival D\u00c9RAPAGE CONTR\u00d4L\u00c9 #1, avec J.Voguet (musique), centre ART ACTION ACTUEL, S<br>\nJean de Richelieu, Qu\u00e9bec, Canada<br>\ngalerie ARTICULE, avec J.Voguet (musique) Montr\u00e9al, Qu\u00e9bec, Canada<\/p>\n<p>1998<br>\nVIA FESTIVAL #4, ARS LONGA, Le Moulin Joly, FL\u00c8CHE D\u2019OR CAF\u00c9, avec J.Voguet (musique), Paris Paris<br>\nLe C.R.A.N.E. aux PAYS-BAS, INSTITUT FRANCAIS, Maison Descartes, Amsterdam, th\u00eaatre ANN HET SPUI, La Haye, NL<br>\nCRANE SYMPOSIUM #4, Quincerot, LOGIS DU ROY, Semur-en-Auxois, Bourgogne,<br>\nCONFLUENCES, Paris<br>\nM.M.A.C FESTIVAL, AIZU ART COLLEGE, avec J.Voguet (musique), WESTEND TEATER, \t, YAMABIKO CENTER, Mishima, galerie SPACE 21, Tokyo, Japon<\/p>\n<p>1997<br>\nVIA FESTIVAL #3, galerie AREA la RESERVE, Paris<br>\ngalerie SZTUKI WSPOLCZESNEJ BWA, Katowice, Pologne<br>\nfestival INTERAZIONI #10, TEATRO ARKA, Cagliari, Italie<\/p>\n<p>1996<br>\nSALON D\u2019ART CONTEMPORAIN, Ch\u00e2teau des Bouillants, Dammarie-Les-Lys, 77<br>\ngalerie CHRISTINE PHAL, \u00abCarr\u00e9s d\u2019artistes\u00bb, Paris<br>\ngalerie MICHEL RAY(Paris) au Steiner Hof, Butgenbach, Belgique<br>\n15e SALON D\u2019ART CONTEMPORAIN de Marne la Vall\u00e9e, Noisy le Grand, 93<br>\nANNONCIATIONS R\u00c9CURRENTES, ESPACE J. PREVERT, Savigny le Temple, 77<br>\nFONDATION LOGOS, avec A.Coridon (danse) et J.Voguet (musique), Gand, Belgique<\/p>\n<p>1995<br>\nASSOCIATION FLORENCE CIT\u00c9 INTERNATIONALE DES ARTS, Paris<br>\nLES 10 ANS de la GALERIE SUD, Bagneux, 92<br>\nSALON D\u2019ART CONTEMPORAIN, Ch\u00e2teau de Bouillants, Dammarie-Les-Lys, 77<br>\ngalerie CHRISTINE PHAL, \u00ab 500 \u0153uvres pour la lutte contre le sida \u00bb Paris<br>\nCRANE SYMPOSIUM #1, Quincerot, Bourgogne, 21<br>\nReg\u2019 Art IV, FERME BRIARDE, Pontault-Combault, 77<br>\nLUC LEROUGE 1995, H\u00d4TEL-DIEU XIIIe, Brie Comte Robert, 77<br>\nCRANE SYMPOSIUM, Quincerot, 21<br>\nVIA FESTIVAL #2,  LE BATEAU LAVOIR, Paris<\/p>\n<p>1994<br>\nVIA AU JAPON, AIZU ART COLLEGE Festival, Kitakata, Fukushima, Japon<br>\nMMAC, INTERNATIONAL DANCE Festival, Tokyo, Japon<br>\ngalerie  X-CAI, Tokyo, Japon<br>\ngalerie du Kid Ailak Art Hall, Tokyo, Japon<br>\nGALERIE SUD, Bagneux, 92<br>\nVIA FESTIVAL #1, LAVOIR MODERNE PARISIEN, Paris<\/p>\n<p>1993<br>\nVIA FESTIVAL #0, LAVOIR MODERNE PARISIEN, Paris<\/p>\n<p>1992<br>\nGALERIE SUD \u00ab  l\u2019Estampe \u00bb Bagneux, 92<br>\nSALON D\u2019ART CONTEMPORAIN (1er prix de peinture), Pontault-Combault, 77<\/p>\n<p>1991<br>\nBATEAU LAVOIR, Paris<br>\nEPE, \u00c9TABLISSEMENT PHONOGRAPHIQUES DE L\u2019EST, Paris<br>\nSALON D\u2019ART CONTEMPORAIN, GALERIE SUD, Bagneux, 92<br>\ngalerie DURAS-MARTINE QUEVAL, Paris<\/p>\n<p>1990<br>\nfestival TRACE ROCK, Nancy, 54<br>\nfestival INTERAZIONI #2, Cagliari, Italie<br>\nESPACE 31, Issy-les-Moulineaux, 92<br>\nSALON D\u2019ART CONTEMPORAIN, GALERIE SUD, Bagneux, 92<br>\nFIGURATION CRITIQUE, Grand Palais, Paris<br>\nFIGURATION CRITIQUE \u00e0 Leningrad et \u00e0 Moscou, Russie<br>\nLES INTOUCHABLES 90, ESPACE 31, Issy-les-Moulineaux, 92<\/p>\n<p>1989<br>\nfestival TRAETORIE E IDENTITA,,Gavoi, Italie<br>\ngalerie FZKKE, Euskirchen, Allemagne<br>\nLES INTOUCHABLES 89, galerie DIAGONALE, Paris<\/p>\n<p>1988<br>\nespace HANG\u2019ART, Reims, 51<br>\nespace L\u2019 USINE, Reims, 51<br>\nPANNEAUX GIRAUDY, dans la rue \u00e0 Reims, 51<br>\nfestival INTERVENTION #4, Caf\u00e9 de la Danse, Paris<\/p>\n<p>1987<br>\nfestival INTERVENTION #3, Espace Verri\u00e8re, Paris<br>\ngalerie FZKKE, Euskirchen, Allemagne\tMONTREAL, PARIS, NEW YORK, galerie EMERGENCE PLUS, Montr\u00e9al, CanadaMONTREAL, PARIS, NEW YORK, galerie FUSION ARTS, New York, U.S.A<br>\nPLEXUS INTERNATIONAL FESTIVAL_ il serpiente di pietra,<br>\nGavoi,Sardaigne, Italie<br>\nfestival ALTERNATIVA #5, Porto, Portugal<br>\nPYGMANTATION, galerie DIAGONALE, avec R.U. Sevol, Paris<\/p>\n<p>1986<br>\nAXE NORD\/SUD dans les gares S.N.C.F. AUSTERLITZ Paris, MATABIAU Toulouse,  et dans le train le VALENTR\u00c9 A.R., avec Christian Louis<br>\nAXE NORD SUD, galerie P.A.V.E., Pamiers, 09<br>\nDIAGONALE \u00c0 L\u2019OLYMPE, Malakoff, 92DIAGONALE \u00c0 BABOGO, SQUAT MAGASIN, Paris<br>\nAIR TEXTILE, C.E.C.B., Le Bourget, 93<br>\ngalerie MOLKTEREI WERKSTATT, Cologne, Allemagne<br>\ngalerie DIAGONALE, INTERVENTION N\u00c9OISTE, avec R.U. Sevol, Paris<br>\ngalerie DIAGONALE, Mai(l\u2019Art)\/ Jacques MASSA, Paris<\/p>\n<p>1985<br>\nBOIS PITTORESQUE, C.E.C.B., Le Bourget, 93<br>\ngalerie DIAGONALE, Paris<br>\nDIAGONALE \u00c0 L\u2019OLYMPE, SQUAT USINE, Malakoff, 92<br>\nInauguration d\u2019EXHIBITION, Quai de la gare, Paris<br>\nLA NUIT DES G\u00c9ANTS, Massy, 78<br>\nfestival ALTERNATIVA 4, Cascais, Portugal<br>\nLES FLAMBOYANTS, Espace Marcel Chauzy, Bondy, 93<br>\n1ER RASSEMBLEMENT DE FRESQUISTES, QUAI DE L\u2019OURCQ, Bondy, 93<\/p>\n<p>1984<br>\nLUC LEROUGE 1984, galerie DIAGONALE, Paris<\/p>\n<div><br><\/div><div><br><\/div>\t\t\t\t\t\t\t\t<\/div>\n\t\t\t\t<\/div>\n\t\t\t\t\t<\/div>\n\t\t<\/div>\n\t\t\t\t\t<\/div>\n\t\t<\/section>\n\t\t\t\t<section class=\"elementor-section elementor-top-section elementor-element elementor-element-95e06dc elementor-section-boxed elementor-section-height-default elementor-section-height-default\" data-id=\"95e06dc\" data-element_type=\"section\">\n\t\t\t\t\t\t<div class=\"elementor-container elementor-column-gap-default\">\n\t\t\t\t\t<div class=\"elementor-column elementor-col-100 elementor-top-column elementor-element elementor-element-9ee055e\" data-id=\"9ee055e\" data-element_type=\"column\">\n\t\t\t<div class=\"elementor-widget-wrap elementor-element-populated\">\n\t\t\t\t\t\t<div class=\"elementor-element elementor-element-64045df elementor-view-default elementor-widget elementor-widget-icon\" data-id=\"64045df\" data-element_type=\"widget\" data-widget_type=\"icon.default\">\n\t\t\t\t<div class=\"elementor-widget-container\">\n\t\t\t\t\t\t\t<div class=\"elementor-icon-wrapper\">\n\t\t\t<a class=\"elementor-icon\" href=\"https:\/\/www.luclerouge.net\/blog\/a-propos\/\">\n\t\t\t<i aria-hidden=\"true\" class=\"far fa-arrow-alt-circle-up\"><\/i>\t\t\t<\/a>\n\t\t<\/div>\n\t\t\t\t\t\t<\/div>\n\t\t\t\t<\/div>\n\t\t\t\t\t<\/div>\n\t\t<\/div>\n\t\t\t\t\t<\/div>\n\t\t<\/section>\n\t\t\t\t<\/div>\n\t\t","protected":false},"excerpt":{"rendered":"<p>cv 2022 Diagonale espace critique, un combat culturel, 59RIV, Paris, 75 2021 ouverture de l&rsquo;atelier, JAA Occitanie, Clarensac 30 2021 sans masque ni virus, 4 saisons de l\u2019art, Les Artistes Nomades, Aubais, 30 2020 sans masque ni virus, 4 saisons de l\u2019art, Les Artistes Nomades, Aubais, 30 2019 Ouverture de l\u2019atelier, journ\u00e9e Occitanie, Clarensac,30 2018 [&hellip;]<\/p>\n","protected":false},"author":1,"featured_media":0,"parent":1132,"menu_order":2,"comment_status":"closed","ping_status":"closed","template":"","meta":{"site-sidebar-layout":"default","site-content-layout":"default","ast-site-content-layout":"default","site-content-style":"default","site-sidebar-style":"default","ast-global-header-display":"","ast-banner-title-visibility":"","ast-main-header-display":"","ast-hfb-above-header-display":"","ast-hfb-below-header-display":"","ast-hfb-mobile-header-display":"","site-post-title":"","ast-breadcrumbs-content":"","ast-featured-img":"","footer-sml-layout":"","ast-disable-related-posts":"","theme-transparent-header-meta":"default","adv-header-id-meta":"","stick-header-meta":"","header-above-stick-meta":"","header-main-stick-meta":"","header-below-stick-meta":"","astra-migrate-meta-layouts":"default","ast-page-background-enabled":"default","ast-page-background-meta":{"desktop":{"background-color":"","background-image":"","background-repeat":"repeat","background-position":"center center","background-size":"auto","background-attachment":"scroll","background-type":"","background-media":"","overlay-type":"","overlay-color":"","overlay-opacity":"","overlay-gradient":""},"tablet":{"background-color":"","background-image":"","background-repeat":"repeat","background-position":"center center","background-size":"auto","background-attachment":"scroll","background-type":"","background-media":"","overlay-type":"","overlay-color":"","overlay-opacity":"","overlay-gradient":""},"mobile":{"background-color":"","background-image":"","background-repeat":"repeat","background-position":"center center","background-size":"auto","background-attachment":"scroll","background-type":"","background-media":"","overlay-type":"","overlay-color":"","overlay-opacity":"","overlay-gradient":""}},"ast-content-background-meta":{"desktop":{"background-color":"var(--ast-global-color-5)","background-image":"","background-repeat":"repeat","background-position":"center center","background-size":"auto","background-attachment":"scroll","background-type":"","background-media":"","overlay-type":"","overlay-color":"","overlay-opacity":"","overlay-gradient":""},"tablet":{"background-color":"var(--ast-global-color-5)","background-image":"","background-repeat":"repeat","background-position":"center center","background-size":"auto","background-attachment":"scroll","background-type":"","background-media":"","overlay-type":"","overlay-color":"","overlay-opacity":"","overlay-gradient":""},"mobile":{"background-color":"var(--ast-global-color-5)","background-image":"","background-repeat":"repeat","background-position":"center center","background-size":"auto","background-attachment":"scroll","background-type":"","background-media":"","overlay-type":"","overlay-color":"","overlay-opacity":"","overlay-gradient":""}},"footnotes":""},"class_list":["post-856","page","type-page","status-publish","hentry"],"yoast_head":"<!-- This site is optimized with the Yoast SEO plugin v26.5 - https:\/\/yoast.com\/wordpress\/plugins\/seo\/ -->\n<title>Site-officiel-de-Luc-Lerouge-accueil<\/title>\n<meta name=\"description\" content=\"D\u00e9couvrez le parcours de l&#039;artiste plasticien Luc Lerouge\" \/>\n<meta name=\"robots\" content=\"index, follow, max-snippet:-1, max-image-preview:large, max-video-preview:-1\" \/>\n<link rel=\"canonical\" href=\"https:\/\/www.luclerouge.net\/blog\/a-propos\/cv\/\" \/>\n<meta property=\"og:locale\" content=\"fr_FR\" \/>\n<meta property=\"og:type\" content=\"article\" \/>\n<meta property=\"og:title\" content=\"Site-officiel-de-Luc-Lerouge-accueil\" \/>\n<meta property=\"og:description\" content=\"D\u00e9couvrez le parcours de l&#039;artiste plasticien Luc Lerouge\" \/>\n<meta property=\"og:url\" content=\"https:\/\/www.luclerouge.net\/blog\/a-propos\/cv\/\" \/>\n<meta property=\"og:site_name\" content=\"Luc Lerouge-artiste plasticien\" \/>\n<meta property=\"article:modified_time\" content=\"2022-08-04T14:28:02+00:00\" \/>\n<meta property=\"og:image\" content=\"https:\/\/www.luclerouge.net\/blog\/wp-content\/uploads\/2023\/02\/la-peinture-nen-deplaise.jpg\" \/>\n\t<meta property=\"og:image:width\" content=\"478\" \/>\n\t<meta property=\"og:image:height\" content=\"369\" \/>\n\t<meta property=\"og:image:type\" content=\"image\/jpeg\" \/>\n<meta name=\"twitter:card\" content=\"summary_large_image\" \/>\n<meta name=\"twitter:label1\" content=\"Dur\u00e9e de lecture estim\u00e9e\" \/>\n\t<meta name=\"twitter:data1\" content=\"6 minutes\" \/>\n<script type=\"application\/ld+json\" class=\"yoast-schema-graph\">{\"@context\":\"https:\/\/schema.org\",\"@graph\":[{\"@type\":\"WebPage\",\"@id\":\"https:\/\/www.luclerouge.net\/blog\/a-propos\/cv\/\",\"url\":\"https:\/\/www.luclerouge.net\/blog\/a-propos\/cv\/\",\"name\":\"Site-officiel-de-Luc-Lerouge-accueil\",\"isPartOf\":{\"@id\":\"https:\/\/www.luclerouge.net\/blog\/#website\"},\"datePublished\":\"2021-03-23T10:00:10+00:00\",\"dateModified\":\"2022-08-04T14:28:02+00:00\",\"description\":\"D\u00e9couvrez le parcours de l'artiste plasticien Luc Lerouge\",\"breadcrumb\":{\"@id\":\"https:\/\/www.luclerouge.net\/blog\/a-propos\/cv\/#breadcrumb\"},\"inLanguage\":\"fr-FR\",\"potentialAction\":[{\"@type\":\"ReadAction\",\"target\":[\"https:\/\/www.luclerouge.net\/blog\/a-propos\/cv\/\"]}]},{\"@type\":\"BreadcrumbList\",\"@id\":\"https:\/\/www.luclerouge.net\/blog\/a-propos\/cv\/#breadcrumb\",\"itemListElement\":[{\"@type\":\"ListItem\",\"position\":1,\"name\":\"Accueil\",\"item\":\"https:\/\/www.luclerouge.net\/blog\/\"},{\"@type\":\"ListItem\",\"position\":2,\"name\":\"\u00e0 propos\",\"item\":\"https:\/\/www.luclerouge.net\/blog\/a-propos\/\"},{\"@type\":\"ListItem\",\"position\":3,\"name\":\"cv\"}]},{\"@type\":\"WebSite\",\"@id\":\"https:\/\/www.luclerouge.net\/blog\/#website\",\"url\":\"https:\/\/www.luclerouge.net\/blog\/\",\"name\":\"Luc Lerouge-artiste plasticien\",\"description\":\"D\u00e9couvrez le parcours artistique de Luc Lerouge-artiste plasticie -peinture- performance-installation.\",\"alternateName\":\"luclerouge\",\"potentialAction\":[{\"@type\":\"SearchAction\",\"target\":{\"@type\":\"EntryPoint\",\"urlTemplate\":\"https:\/\/www.luclerouge.net\/blog\/?s={search_term_string}\"},\"query-input\":{\"@type\":\"PropertyValueSpecification\",\"valueRequired\":true,\"valueName\":\"search_term_string\"}}],\"inLanguage\":\"fr-FR\"}]}<\/script>\n<!-- \/ Yoast SEO plugin. -->","yoast_head_json":{"title":"Site-officiel-de-Luc-Lerouge-accueil","description":"D\u00e9couvrez le parcours de l'artiste plasticien Luc Lerouge","robots":{"index":"index","follow":"follow","max-snippet":"max-snippet:-1","max-image-preview":"max-image-preview:large","max-video-preview":"max-video-preview:-1"},"canonical":"https:\/\/www.luclerouge.net\/blog\/a-propos\/cv\/","og_locale":"fr_FR","og_type":"article","og_title":"Site-officiel-de-Luc-Lerouge-accueil","og_description":"D\u00e9couvrez le parcours de l'artiste plasticien Luc Lerouge","og_url":"https:\/\/www.luclerouge.net\/blog\/a-propos\/cv\/","og_site_name":"Luc Lerouge-artiste plasticien","article_modified_time":"2022-08-04T14:28:02+00:00","og_image":[{"width":478,"height":369,"url":"https:\/\/www.luclerouge.net\/blog\/wp-content\/uploads\/2023\/02\/la-peinture-nen-deplaise.jpg","type":"image\/jpeg"}],"twitter_card":"summary_large_image","twitter_misc":{"Dur\u00e9e de lecture estim\u00e9e":"6 minutes"},"schema":{"@context":"https:\/\/schema.org","@graph":[{"@type":"WebPage","@id":"https:\/\/www.luclerouge.net\/blog\/a-propos\/cv\/","url":"https:\/\/www.luclerouge.net\/blog\/a-propos\/cv\/","name":"Site-officiel-de-Luc-Lerouge-accueil","isPartOf":{"@id":"https:\/\/www.luclerouge.net\/blog\/#website"},"datePublished":"2021-03-23T10:00:10+00:00","dateModified":"2022-08-04T14:28:02+00:00","description":"D\u00e9couvrez le parcours de l'artiste plasticien Luc Lerouge","breadcrumb":{"@id":"https:\/\/www.luclerouge.net\/blog\/a-propos\/cv\/#breadcrumb"},"inLanguage":"fr-FR","potentialAction":[{"@type":"ReadAction","target":["https:\/\/www.luclerouge.net\/blog\/a-propos\/cv\/"]}]},{"@type":"BreadcrumbList","@id":"https:\/\/www.luclerouge.net\/blog\/a-propos\/cv\/#breadcrumb","itemListElement":[{"@type":"ListItem","position":1,"name":"Accueil","item":"https:\/\/www.luclerouge.net\/blog\/"},{"@type":"ListItem","position":2,"name":"\u00e0 propos","item":"https:\/\/www.luclerouge.net\/blog\/a-propos\/"},{"@type":"ListItem","position":3,"name":"cv"}]},{"@type":"WebSite","@id":"https:\/\/www.luclerouge.net\/blog\/#website","url":"https:\/\/www.luclerouge.net\/blog\/","name":"Luc Lerouge-artiste plasticien","description":"D\u00e9couvrez le parcours artistique de Luc Lerouge-artiste plasticie -peinture- performance-installation.","alternateName":"luclerouge","potentialAction":[{"@type":"SearchAction","target":{"@type":"EntryPoint","urlTemplate":"https:\/\/www.luclerouge.net\/blog\/?s={search_term_string}"},"query-input":{"@type":"PropertyValueSpecification","valueRequired":true,"valueName":"search_term_string"}}],"inLanguage":"fr-FR"}]}},"_links":{"self":[{"href":"https:\/\/www.luclerouge.net\/blog\/wp-json\/wp\/v2\/pages\/856","targetHints":{"allow":["GET"]}}],"collection":[{"href":"https:\/\/www.luclerouge.net\/blog\/wp-json\/wp\/v2\/pages"}],"about":[{"href":"https:\/\/www.luclerouge.net\/blog\/wp-json\/wp\/v2\/types\/page"}],"author":[{"embeddable":true,"href":"https:\/\/www.luclerouge.net\/blog\/wp-json\/wp\/v2\/users\/1"}],"replies":[{"embeddable":true,"href":"https:\/\/www.luclerouge.net\/blog\/wp-json\/wp\/v2\/comments?post=856"}],"version-history":[{"count":26,"href":"https:\/\/www.luclerouge.net\/blog\/wp-json\/wp\/v2\/pages\/856\/revisions"}],"predecessor-version":[{"id":2563,"href":"https:\/\/www.luclerouge.net\/blog\/wp-json\/wp\/v2\/pages\/856\/revisions\/2563"}],"up":[{"embeddable":true,"href":"https:\/\/www.luclerouge.net\/blog\/wp-json\/wp\/v2\/pages\/1132"}],"wp:attachment":[{"href":"https:\/\/www.luclerouge.net\/blog\/wp-json\/wp\/v2\/media?parent=856"}],"curies":[{"name":"wp","href":"https:\/\/api.w.org\/{rel}","templated":true}]}}