{"id":816,"date":"2021-03-20T16:58:00","date_gmt":"2021-03-20T14:58:00","guid":{"rendered":"http:\/\/www.luclerouge.net\/blog\/?page_id=816"},"modified":"2023-01-17T12:42:01","modified_gmt":"2023-01-17T10:42:01","slug":"bios","status":"publish","type":"page","link":"https:\/\/www.luclerouge.net\/blog\/a-propos\/bios\/","title":{"rendered":"bios"},"content":{"rendered":"\t\t<div data-elementor-type=\"wp-page\" data-elementor-id=\"816\" class=\"elementor elementor-816\">\n\t\t\t\t\t\t<section class=\"elementor-section elementor-top-section elementor-element elementor-element-c66ffe9 elementor-section-boxed elementor-section-height-default elementor-section-height-default\" data-id=\"c66ffe9\" data-element_type=\"section\">\n\t\t\t\t\t\t<div class=\"elementor-container elementor-column-gap-default\">\n\t\t\t\t\t<div class=\"elementor-column elementor-col-100 elementor-top-column elementor-element elementor-element-8db2e2e\" data-id=\"8db2e2e\" data-element_type=\"column\">\n\t\t\t<div class=\"elementor-widget-wrap elementor-element-populated\">\n\t\t\t\t\t\t<div class=\"elementor-element elementor-element-98f4c2a elementor-widget elementor-widget-spacer\" data-id=\"98f4c2a\" data-element_type=\"widget\" data-widget_type=\"spacer.default\">\n\t\t\t\t<div class=\"elementor-widget-container\">\n\t\t\t\t\t\t\t<div class=\"elementor-spacer\">\n\t\t\t<div class=\"elementor-spacer-inner\"><\/div>\n\t\t<\/div>\n\t\t\t\t\t\t<\/div>\n\t\t\t\t<\/div>\n\t\t\t\t\t<\/div>\n\t\t<\/div>\n\t\t\t\t\t<\/div>\n\t\t<\/section>\n\t\t\t\t<section class=\"elementor-section elementor-top-section elementor-element elementor-element-fd7d655 elementor-section-boxed elementor-section-height-default elementor-section-height-default\" data-id=\"fd7d655\" data-element_type=\"section\">\n\t\t\t\t\t\t<div class=\"elementor-container elementor-column-gap-default\">\n\t\t\t\t\t<div class=\"elementor-column elementor-col-100 elementor-top-column elementor-element elementor-element-9d451e8\" data-id=\"9d451e8\" data-element_type=\"column\">\n\t\t\t<div class=\"elementor-widget-wrap elementor-element-populated\">\n\t\t\t\t\t\t<div class=\"elementor-element elementor-element-b8051e5 elementor-widget elementor-widget-heading\" data-id=\"b8051e5\" data-element_type=\"widget\" data-widget_type=\"heading.default\">\n\t\t\t\t<div class=\"elementor-widget-container\">\n\t\t\t\t\t<h2 class=\"elementor-heading-title elementor-size-default\">Actions de peintures<\/h2>\t\t\t\t<\/div>\n\t\t\t\t<\/div>\n\t\t\t\t\t<\/div>\n\t\t<\/div>\n\t\t\t\t\t<\/div>\n\t\t<\/section>\n\t\t\t\t<section class=\"elementor-section elementor-top-section elementor-element elementor-element-f5ef9a3 elementor-section-boxed elementor-section-height-default elementor-section-height-default\" data-id=\"f5ef9a3\" data-element_type=\"section\">\n\t\t\t\t\t\t<div class=\"elementor-container elementor-column-gap-default\">\n\t\t\t\t\t<div class=\"elementor-column elementor-col-100 elementor-top-column elementor-element elementor-element-ea5de07\" data-id=\"ea5de07\" data-element_type=\"column\">\n\t\t\t<div class=\"elementor-widget-wrap elementor-element-populated\">\n\t\t\t\t\t\t<section class=\"elementor-section elementor-inner-section elementor-element elementor-element-aad14b8 elementor-section-boxed elementor-section-height-default elementor-section-height-default\" data-id=\"aad14b8\" data-element_type=\"section\">\n\t\t\t\t\t\t<div class=\"elementor-container elementor-column-gap-default\">\n\t\t\t\t\t<div class=\"elementor-column elementor-col-33 elementor-inner-column elementor-element elementor-element-46145e4\" data-id=\"46145e4\" data-element_type=\"column\">\n\t\t\t<div class=\"elementor-widget-wrap elementor-element-populated\">\n\t\t\t\t\t\t<div class=\"elementor-element elementor-element-37b5f43 elementor-widget elementor-widget-text-editor\" data-id=\"37b5f43\" data-element_type=\"widget\" data-widget_type=\"text-editor.default\">\n\t\t\t\t<div class=\"elementor-widget-container\">\n\t\t\t\t\t\t\t\t\t\npeintures, installations, performances, images num\u00e9riques, monotypes\u2026\ndepuis 1984, en France et \u00e0 l\u2019\u00e9tranger (Allemagne, Belgique, Canada, Cor\u00e9e du sud, Grande Bretagne, Italie, Japon, Pays-Bas, Portugal, Pologne, Russie, U.S.A&#8230;.).\n\t\t\t\t\t\t\t\t<\/div>\n\t\t\t\t<\/div>\n\t\t\t\t\t<\/div>\n\t\t<\/div>\n\t\t\t\t<div class=\"elementor-column elementor-col-66 elementor-inner-column elementor-element elementor-element-6180057\" data-id=\"6180057\" data-element_type=\"column\">\n\t\t\t<div class=\"elementor-widget-wrap elementor-element-populated\">\n\t\t\t\t\t\t<div class=\"elementor-element elementor-element-0aa304a elementor-widget elementor-widget-text-editor\" data-id=\"0aa304a\" data-element_type=\"widget\" data-widget_type=\"text-editor.default\">\n\t\t\t\t<div class=\"elementor-widget-container\">\n\t\t\t\t\t\t\t\t\tFormation: <\/P>candidature libre \u00e0 l\u2019ENSBA de Paris (atelier Pierre Matthey (1976) et l\u2019\u00e9cole Duperr\u00e9 de Paris (atelier de mod\u00e8les vivants Jean-Jacques Arnaud,1977-1980), et surtout un long cheminement avec le peintre-graveur Auguste-Jean Gaudin (1976-1984)\n<\/P>Organisateur de manifestations et d\u2019\u00e9changes artistiques internationaux:<\/P>\nDiagonale \/espace critique dirig\u00e9e par le critique d\u2019art \u00c9gidio Alvaro (1983-1991), VIA Festival et le r\u00e9seau d\u2019\u00e9changes PAN Network (1993-2002),\ndirection artistique de l\u2019association comme par miracle (depuis 2003)\net des 4 Saisons de l\u2019Art de l\u2019association les Artistes Nomades (2017-2022)<\/P>\ncommissariats d\u2019expositions en milieu associatif, interm\u00e9diaires\net alternatifs:<\/P>\ncomme des artistes (1995-2013),\npi\u00e8ces d\u2019ados (2003-2013,\nIdentit\u00e9s Nomades-Yukobu Shetai (2000-2001),\nArtistes Solidaires ( 2005-2017),\nL\u2019Un-e et l\u2019Autre (2012-2017),\nSans gaz ni trompette (2017-2022) et Hors les murs au sein des 4 saisons de l\u2019art (2021)<\/P>\nintervenant et animateur artistique ponctuel en milieu scolaire:<\/P> depuis 1991, (conf\u00e9rences en histoire de l\u2019art et ateliers de pratiques artistiques) et r\u00e9gulier d\u2019ateliers d\u2019arts plastiques aupr\u00e8s d\u2019adultes et jeunes, et des structures pour d\u00e9ficients mentaux<\/P>\nmembre actif:<\/P> de l&rsquo;association Diagonale\/Espace critique, du conseil d\u2019administration de La FRAAP (2001-2006) participation active aux premi\u00e8res journ\u00e9es des artistes plasticiens \u00e0 la Grande Halle de la Villette \u00e0 Paris, organisation et mod\u00e9ration de l\u2019atelier avec les partis politiques,\nmembre du bureau de l\u2019association Plus et le centre CRANE (1993-2002), co-pr\u00e9sident de l\u2019association Les Artistes Nomades (2017-2022),\npr\u00e9sident de l\u2019association comme par miracle (depuis 2003)\t\t\t\t\t\t\t\t<\/div>\n\t\t\t\t<\/div>\n\t\t\t\t\t<\/div>\n\t\t<\/div>\n\t\t\t\t\t<\/div>\n\t\t<\/section>\n\t\t\t\t\t<\/div>\n\t\t<\/div>\n\t\t\t\t\t<\/div>\n\t\t<\/section>\n\t\t\t\t<section class=\"elementor-section elementor-top-section elementor-element elementor-element-67456d6 elementor-section-boxed elementor-section-height-default elementor-section-height-default\" data-id=\"67456d6\" data-element_type=\"section\">\n\t\t\t\t\t\t<div class=\"elementor-container elementor-column-gap-default\">\n\t\t\t\t\t<div class=\"elementor-column elementor-col-100 elementor-top-column elementor-element elementor-element-66bc1c7\" data-id=\"66bc1c7\" data-element_type=\"column\">\n\t\t\t<div class=\"elementor-widget-wrap elementor-element-populated\">\n\t\t\t\t\t\t<div class=\"elementor-element elementor-element-b7cc0e1 elementor-widget elementor-widget-text-editor\" data-id=\"b7cc0e1\" data-element_type=\"widget\" data-widget_type=\"text-editor.default\">\n\t\t\t\t<div class=\"elementor-widget-container\">\n\t\t\t\t\t\t\t\t\tn\u00e9 en 1953 \u00e0 Lille (Templemars)*\nMaison des Artistes n\u00b0 L453887* \nSiret:390 594 364 00015 APE:923A\n\n\n\n\t\t\t\t\t\t\t\t<\/div>\n\t\t\t\t<\/div>\n\t\t\t\t\t<\/div>\n\t\t<\/div>\n\t\t\t\t\t<\/div>\n\t\t<\/section>\n\t\t\t\t<section class=\"elementor-section elementor-top-section elementor-element elementor-element-b127bc9 elementor-section-boxed elementor-section-height-default elementor-section-height-default\" data-id=\"b127bc9\" data-element_type=\"section\">\n\t\t\t\t\t\t<div class=\"elementor-container elementor-column-gap-default\">\n\t\t\t\t\t<div class=\"elementor-column elementor-col-100 elementor-top-column elementor-element elementor-element-00ce1ef\" data-id=\"00ce1ef\" data-element_type=\"column\">\n\t\t\t<div class=\"elementor-widget-wrap elementor-element-populated\">\n\t\t\t\t\t\t<div class=\"elementor-element elementor-element-012c4e7 elementor-view-default elementor-widget elementor-widget-icon\" data-id=\"012c4e7\" data-element_type=\"widget\" data-widget_type=\"icon.default\">\n\t\t\t\t<div class=\"elementor-widget-container\">\n\t\t\t\t\t\t\t<div class=\"elementor-icon-wrapper\">\n\t\t\t<a class=\"elementor-icon\" href=\"https:\/\/www.luclerouge.net\/blog\/a-propos\/\">\n\t\t\t<i aria-hidden=\"true\" class=\"far fa-arrow-alt-circle-up\"><\/i>\t\t\t<\/a>\n\t\t<\/div>\n\t\t\t\t\t\t<\/div>\n\t\t\t\t<\/div>\n\t\t\t\t\t<\/div>\n\t\t<\/div>\n\t\t\t\t\t<\/div>\n\t\t<\/section>\n\t\t\t\t<\/div>\n\t\t","protected":false},"excerpt":{"rendered":"<p>Actions de peintures peintures, installations, performances, images num\u00e9riques, monotypes\u2026 depuis 1984, en France et \u00e0 l\u2019\u00e9tranger (Allemagne, Belgique, Canada, Cor\u00e9e du sud, Grande Bretagne, Italie, Japon, Pays-Bas, Portugal, Pologne, Russie, U.S.A&#8230;.). Formation: candidature libre \u00e0 l\u2019ENSBA de Paris (atelier Pierre Matthey (1976) et l\u2019\u00e9cole Duperr\u00e9 de Paris (atelier de mod\u00e8les vivants Jean-Jacques Arnaud,1977-1980), et surtout [&hellip;]<\/p>\n","protected":false},"author":1,"featured_media":0,"parent":1132,"menu_order":1,"comment_status":"closed","ping_status":"closed","template":"","meta":{"site-sidebar-layout":"default","site-content-layout":"default","ast-site-content-layout":"default","site-content-style":"default","site-sidebar-style":"default","ast-global-header-display":"","ast-banner-title-visibility":"","ast-main-header-display":"","ast-hfb-above-header-display":"","ast-hfb-below-header-display":"","ast-hfb-mobile-header-display":"","site-post-title":"","ast-breadcrumbs-content":"","ast-featured-img":"","footer-sml-layout":"","ast-disable-related-posts":"","theme-transparent-header-meta":"default","adv-header-id-meta":"","stick-header-meta":"","header-above-stick-meta":"","header-main-stick-meta":"","header-below-stick-meta":"","astra-migrate-meta-layouts":"default","ast-page-background-enabled":"default","ast-page-background-meta":{"desktop":{"background-color":"","background-image":"","background-repeat":"repeat","background-position":"center center","background-size":"auto","background-attachment":"scroll","background-type":"","background-media":"","overlay-type":"","overlay-color":"","overlay-opacity":"","overlay-gradient":""},"tablet":{"background-color":"","background-image":"","background-repeat":"repeat","background-position":"center center","background-size":"auto","background-attachment":"scroll","background-type":"","background-media":"","overlay-type":"","overlay-color":"","overlay-opacity":"","overlay-gradient":""},"mobile":{"background-color":"","background-image":"","background-repeat":"repeat","background-position":"center center","background-size":"auto","background-attachment":"scroll","background-type":"","background-media":"","overlay-type":"","overlay-color":"","overlay-opacity":"","overlay-gradient":""}},"ast-content-background-meta":{"desktop":{"background-color":"var(--ast-global-color-5)","background-image":"","background-repeat":"repeat","background-position":"center center","background-size":"auto","background-attachment":"scroll","background-type":"","background-media":"","overlay-type":"","overlay-color":"","overlay-opacity":"","overlay-gradient":""},"tablet":{"background-color":"var(--ast-global-color-5)","background-image":"","background-repeat":"repeat","background-position":"center center","background-size":"auto","background-attachment":"scroll","background-type":"","background-media":"","overlay-type":"","overlay-color":"","overlay-opacity":"","overlay-gradient":""},"mobile":{"background-color":"var(--ast-global-color-5)","background-image":"","background-repeat":"repeat","background-position":"center center","background-size":"auto","background-attachment":"scroll","background-type":"","background-media":"","overlay-type":"","overlay-color":"","overlay-opacity":"","overlay-gradient":""}},"footnotes":""},"class_list":["post-816","page","type-page","status-publish","hentry"],"yoast_head":"<!-- This site is optimized with the Yoast SEO plugin v26.5 - https:\/\/yoast.com\/wordpress\/plugins\/seo\/ -->\n<title>Site-officiel-de-Luc-Lerouge-accueil<\/title>\n<meta name=\"description\" content=\"D\u00e9couvrez le parcours de l&#039;artiste plasticien Luc Lerouge\" \/>\n<meta name=\"robots\" content=\"index, follow, max-snippet:-1, max-image-preview:large, max-video-preview:-1\" \/>\n<link rel=\"canonical\" href=\"https:\/\/www.luclerouge.net\/blog\/a-propos\/bios\/\" \/>\n<meta property=\"og:locale\" content=\"fr_FR\" \/>\n<meta property=\"og:type\" content=\"article\" \/>\n<meta property=\"og:title\" content=\"Site-officiel-de-Luc-Lerouge-accueil\" \/>\n<meta property=\"og:description\" content=\"D\u00e9couvrez le parcours de l&#039;artiste plasticien Luc Lerouge\" \/>\n<meta property=\"og:url\" content=\"https:\/\/www.luclerouge.net\/blog\/a-propos\/bios\/\" \/>\n<meta property=\"og:site_name\" content=\"Luc Lerouge-artiste plasticien\" \/>\n<meta property=\"article:modified_time\" content=\"2023-01-17T10:42:01+00:00\" \/>\n<meta property=\"og:image\" content=\"https:\/\/www.luclerouge.net\/blog\/wp-content\/uploads\/2023\/02\/la-peinture-nen-deplaise.jpg\" \/>\n\t<meta property=\"og:image:width\" content=\"478\" \/>\n\t<meta property=\"og:image:height\" content=\"369\" \/>\n\t<meta property=\"og:image:type\" content=\"image\/jpeg\" \/>\n<meta name=\"twitter:card\" content=\"summary_large_image\" \/>\n<meta name=\"twitter:label1\" content=\"Dur\u00e9e de lecture estim\u00e9e\" \/>\n\t<meta name=\"twitter:data1\" content=\"1 minute\" \/>\n<script type=\"application\/ld+json\" class=\"yoast-schema-graph\">{\"@context\":\"https:\/\/schema.org\",\"@graph\":[{\"@type\":\"WebPage\",\"@id\":\"https:\/\/www.luclerouge.net\/blog\/a-propos\/bios\/\",\"url\":\"https:\/\/www.luclerouge.net\/blog\/a-propos\/bios\/\",\"name\":\"Site-officiel-de-Luc-Lerouge-accueil\",\"isPartOf\":{\"@id\":\"https:\/\/www.luclerouge.net\/blog\/#website\"},\"datePublished\":\"2021-03-20T14:58:00+00:00\",\"dateModified\":\"2023-01-17T10:42:01+00:00\",\"description\":\"D\u00e9couvrez le parcours de l'artiste plasticien Luc Lerouge\",\"breadcrumb\":{\"@id\":\"https:\/\/www.luclerouge.net\/blog\/a-propos\/bios\/#breadcrumb\"},\"inLanguage\":\"fr-FR\",\"potentialAction\":[{\"@type\":\"ReadAction\",\"target\":[\"https:\/\/www.luclerouge.net\/blog\/a-propos\/bios\/\"]}]},{\"@type\":\"BreadcrumbList\",\"@id\":\"https:\/\/www.luclerouge.net\/blog\/a-propos\/bios\/#breadcrumb\",\"itemListElement\":[{\"@type\":\"ListItem\",\"position\":1,\"name\":\"Accueil\",\"item\":\"https:\/\/www.luclerouge.net\/blog\/\"},{\"@type\":\"ListItem\",\"position\":2,\"name\":\"\u00e0 propos\",\"item\":\"https:\/\/www.luclerouge.net\/blog\/a-propos\/\"},{\"@type\":\"ListItem\",\"position\":3,\"name\":\"bios\"}]},{\"@type\":\"WebSite\",\"@id\":\"https:\/\/www.luclerouge.net\/blog\/#website\",\"url\":\"https:\/\/www.luclerouge.net\/blog\/\",\"name\":\"Luc Lerouge-artiste plasticien\",\"description\":\"D\u00e9couvrez le parcours artistique de Luc Lerouge-artiste plasticie -peinture- performance-installation.\",\"alternateName\":\"luclerouge\",\"potentialAction\":[{\"@type\":\"SearchAction\",\"target\":{\"@type\":\"EntryPoint\",\"urlTemplate\":\"https:\/\/www.luclerouge.net\/blog\/?s={search_term_string}\"},\"query-input\":{\"@type\":\"PropertyValueSpecification\",\"valueRequired\":true,\"valueName\":\"search_term_string\"}}],\"inLanguage\":\"fr-FR\"}]}<\/script>\n<!-- \/ Yoast SEO plugin. -->","yoast_head_json":{"title":"Site-officiel-de-Luc-Lerouge-accueil","description":"D\u00e9couvrez le parcours de l'artiste plasticien Luc Lerouge","robots":{"index":"index","follow":"follow","max-snippet":"max-snippet:-1","max-image-preview":"max-image-preview:large","max-video-preview":"max-video-preview:-1"},"canonical":"https:\/\/www.luclerouge.net\/blog\/a-propos\/bios\/","og_locale":"fr_FR","og_type":"article","og_title":"Site-officiel-de-Luc-Lerouge-accueil","og_description":"D\u00e9couvrez le parcours de l'artiste plasticien Luc Lerouge","og_url":"https:\/\/www.luclerouge.net\/blog\/a-propos\/bios\/","og_site_name":"Luc Lerouge-artiste plasticien","article_modified_time":"2023-01-17T10:42:01+00:00","og_image":[{"width":478,"height":369,"url":"https:\/\/www.luclerouge.net\/blog\/wp-content\/uploads\/2023\/02\/la-peinture-nen-deplaise.jpg","type":"image\/jpeg"}],"twitter_card":"summary_large_image","twitter_misc":{"Dur\u00e9e de lecture estim\u00e9e":"1 minute"},"schema":{"@context":"https:\/\/schema.org","@graph":[{"@type":"WebPage","@id":"https:\/\/www.luclerouge.net\/blog\/a-propos\/bios\/","url":"https:\/\/www.luclerouge.net\/blog\/a-propos\/bios\/","name":"Site-officiel-de-Luc-Lerouge-accueil","isPartOf":{"@id":"https:\/\/www.luclerouge.net\/blog\/#website"},"datePublished":"2021-03-20T14:58:00+00:00","dateModified":"2023-01-17T10:42:01+00:00","description":"D\u00e9couvrez le parcours de l'artiste plasticien Luc Lerouge","breadcrumb":{"@id":"https:\/\/www.luclerouge.net\/blog\/a-propos\/bios\/#breadcrumb"},"inLanguage":"fr-FR","potentialAction":[{"@type":"ReadAction","target":["https:\/\/www.luclerouge.net\/blog\/a-propos\/bios\/"]}]},{"@type":"BreadcrumbList","@id":"https:\/\/www.luclerouge.net\/blog\/a-propos\/bios\/#breadcrumb","itemListElement":[{"@type":"ListItem","position":1,"name":"Accueil","item":"https:\/\/www.luclerouge.net\/blog\/"},{"@type":"ListItem","position":2,"name":"\u00e0 propos","item":"https:\/\/www.luclerouge.net\/blog\/a-propos\/"},{"@type":"ListItem","position":3,"name":"bios"}]},{"@type":"WebSite","@id":"https:\/\/www.luclerouge.net\/blog\/#website","url":"https:\/\/www.luclerouge.net\/blog\/","name":"Luc Lerouge-artiste plasticien","description":"D\u00e9couvrez le parcours artistique de Luc Lerouge-artiste plasticie -peinture- performance-installation.","alternateName":"luclerouge","potentialAction":[{"@type":"SearchAction","target":{"@type":"EntryPoint","urlTemplate":"https:\/\/www.luclerouge.net\/blog\/?s={search_term_string}"},"query-input":{"@type":"PropertyValueSpecification","valueRequired":true,"valueName":"search_term_string"}}],"inLanguage":"fr-FR"}]}},"_links":{"self":[{"href":"https:\/\/www.luclerouge.net\/blog\/wp-json\/wp\/v2\/pages\/816","targetHints":{"allow":["GET"]}}],"collection":[{"href":"https:\/\/www.luclerouge.net\/blog\/wp-json\/wp\/v2\/pages"}],"about":[{"href":"https:\/\/www.luclerouge.net\/blog\/wp-json\/wp\/v2\/types\/page"}],"author":[{"embeddable":true,"href":"https:\/\/www.luclerouge.net\/blog\/wp-json\/wp\/v2\/users\/1"}],"replies":[{"embeddable":true,"href":"https:\/\/www.luclerouge.net\/blog\/wp-json\/wp\/v2\/comments?post=816"}],"version-history":[{"count":41,"href":"https:\/\/www.luclerouge.net\/blog\/wp-json\/wp\/v2\/pages\/816\/revisions"}],"predecessor-version":[{"id":2581,"href":"https:\/\/www.luclerouge.net\/blog\/wp-json\/wp\/v2\/pages\/816\/revisions\/2581"}],"up":[{"embeddable":true,"href":"https:\/\/www.luclerouge.net\/blog\/wp-json\/wp\/v2\/pages\/1132"}],"wp:attachment":[{"href":"https:\/\/www.luclerouge.net\/blog\/wp-json\/wp\/v2\/media?parent=816"}],"curies":[{"name":"wp","href":"https:\/\/api.w.org\/{rel}","templated":true}]}}