{"id":579,"date":"2021-01-19T17:37:00","date_gmt":"2021-01-19T15:37:00","guid":{"rendered":"http:\/\/www.luclerouge.net\/blog\/?page_id=579"},"modified":"2022-08-04T16:34:01","modified_gmt":"2022-08-04T14:34:01","slug":"presse-et-catalogues","status":"publish","type":"page","link":"https:\/\/www.luclerouge.net\/blog\/a-propos\/presse-et-catalogues\/","title":{"rendered":"bibliographies"},"content":{"rendered":"\t\t<div data-elementor-type=\"wp-page\" data-elementor-id=\"579\" class=\"elementor elementor-579\">\n\t\t\t\t\t\t<section class=\"elementor-section elementor-top-section elementor-element elementor-element-e8ebd1a elementor-section-boxed elementor-section-height-default elementor-section-height-default\" data-id=\"e8ebd1a\" data-element_type=\"section\">\n\t\t\t\t\t\t<div class=\"elementor-container elementor-column-gap-default\">\n\t\t\t\t\t<div class=\"elementor-column elementor-col-100 elementor-top-column elementor-element elementor-element-150ee27\" data-id=\"150ee27\" data-element_type=\"column\">\n\t\t\t<div class=\"elementor-widget-wrap elementor-element-populated\">\n\t\t\t\t\t\t<div class=\"elementor-element elementor-element-dab9a45 elementor-widget elementor-widget-heading\" data-id=\"dab9a45\" data-element_type=\"widget\" data-widget_type=\"heading.default\">\n\t\t\t\t<div class=\"elementor-widget-container\">\n\t\t\t\t\t<h3 class=\"elementor-heading-title elementor-size-default\">Presse et bibliographies<\/h3>\t\t\t\t<\/div>\n\t\t\t\t<\/div>\n\t\t\t\t\t<\/div>\n\t\t<\/div>\n\t\t\t\t\t<\/div>\n\t\t<\/section>\n\t\t\t\t<section class=\"elementor-section elementor-top-section elementor-element elementor-element-fa117c7 elementor-section-boxed elementor-section-height-default elementor-section-height-default\" data-id=\"fa117c7\" data-element_type=\"section\">\n\t\t\t\t\t\t<div class=\"elementor-container elementor-column-gap-default\">\n\t\t\t\t\t<div class=\"elementor-column elementor-col-100 elementor-top-column elementor-element elementor-element-983cade\" data-id=\"983cade\" data-element_type=\"column\">\n\t\t\t<div class=\"elementor-widget-wrap elementor-element-populated\">\n\t\t\t\t\t\t<div class=\"elementor-element elementor-element-d745aed elementor-widget elementor-widget-text-editor\" data-id=\"d745aed\" data-element_type=\"widget\" data-widget_type=\"text-editor.default\">\n\t\t\t\t<div class=\"elementor-widget-container\">\n\t\t\t\t\t\t\t\t\t2022\tarticle  d&rsquo;Emma Neige \u00ab Diagonale espace critique, un combat culturel\u00bb, L&rsquo;Humanit\u00e9<\/p>\n2020\tarticle \u00ab sans masque ni virus\u00bb, Midi Libre<\/p>\n2018\tarticle \u00ab sans gaz ni trompette \u00bb, Midi Libre<\/p>\n2017\tarticle Une exposition singuli\u00e8re \u00ab sans gaz ni trompette \u00bb, Midi Libre<\/p>\n2014\tarticle CONTENANT\/CONTENU, galerie 4 BARBIER, La Gazette de N\u00eemes            \n\tarticle Artistes Solidaires#8, La R\u00e9publique de Seine et Marne<\/p>\n2013\tcatalogue L\u2019un et l\u2019Autre#1, Les Annonciations, La Marmite, co-\u00e9dition association comme \tpar miracle et la mairie de Chevry-Cossigny, 77<\/p>\n2009\tarticle Artistes Solidaires#4, La R\u00e9publique de Seine et Marne<\/p>\n2008\tarticle Luc Lerouge voit la vie en rond, exposition #2, Le Midi libre\narticle Artistes Solidaires#2, La R\u00e9publique de Seine et Marne<\/p>\n2008\tarticle Artistes Solidaires#2, La Parisien<\/p>\n2007\tarticle Artistes Solidaires#1, La R\u00e9publique de Seine et Marne, article Artistes Solidaires#1, La Parisien, article La vie est probablement ronde> exposition #1, La R\u00e9publique de Seine et Marne<\/p>\n2003\tcatalogue 10\u00e8me anniversaire M.M.A.C. Festival, Tokyo, Japon<\/p>\n2002\tcatalogue Via Festival#8, Paris,75\n\tcatalogue Identit\u00e9s Nomades-Yubokuteki Chutai, Paris,75<\/p>\n2001\tcatalogue Via Festival#7, Paris,75\ncatalogue Unbearable Arts festival Fusion Arts, New York, USA, Luc LEROUGE Fronti\u00e8res des Mondes, texte<\/p>\n2000\tcatalogue VIA Festival #6, Paris,75\ncatalogue festival Dolce Vita, galerie INNER SPACE, Poznan, Pologne. Bernard FRAN\u00c7OIS- \u00ab Luc Lerouge et l\u2019ennemi int\u00e9rieur, J\u2019habiterai mon nom de St John Perse \u00bb, texte<\/p>\n1999\tcatalogue VIA# Festival #5, Paris,75, catalogue festival D\u00e9rapage Contr\u00f4l\u00e9 n\u00b01, Montr\u00e9al, Canada, Luc LEROUGE Origines des Mondes, texte<\/p>\n1998  \tcatalogue Via Festival # 4, Paris,75, catalogue festival Aizu Art Colege, Mishima, Fukushima Japon, catalogue festival M.M.A.C., Tokyo, Japon, revue \u201cPINK\u201d, Tokyo, Japon, revue \u201cESSE\u201d, Montr\u00e9al, Canada, catalogue C.R.A.N.E. aux Pays-Bas, catalogue C.R.A.N.E. Symposium 98, Bourgogne, 21<\/p>\n1997\tcatalogue, Via festival # 3, Paris, 75, Jocelyn FISET in revue Esse .Montr\u00e9al, Canada, catalogue galerie Sztuki Wspolczesnej BWA, Katowice, Pologne<\/p> \n1994\tcatalogue, galerie Espace Pr\u00e9vert, 92, catalogue, Aizu Art College, Kitakata, Fukushima, Japon, catalogue, INTERNATIONAL DANCE FESTIVAL, Tokyo, Japon<\/p>\n1991\tcatalogue GALERIE SUD-salon d\u2019Art Contemporain de Bagneux, 92\n1990\tcatalogue, GALERIE SUD-salon d\u2019Art Contemporain de Bagneux, 92<\/p>\n1989\tinterview radio LIBERTAIRE, Paris, 75, catalogue, du festival TRAETORIE E IDENTITA, Gavoi, Italie<\/p>\n1988\ttexte critique, Tara Babel  in revue HIGH PERFORMANCE, USA, texte critique  Marie LEROUGE \u00ab ils \u00bb, Paris, 75, texte critique  Egidio ALVARO in revue LIG\u00c9A n\u00b02, radio FUTURE G\u00c9N\u00c9RATION, Paris, 75, radio ICI ET MAINTENANT, Paris, 75, catalogue du festival INTERVENTION 4, Paris, 75<\/p>\n1987\tarticle de presse in Westfries Weekblad, Pays Bas, article de presse Dagblad Voor West Friesland, Pays Bas, interview, radio CIBL, Montr\u00e9al, Canada<\/p>\n1986\ttexte critique  Egidio ALVARO \u00ab Je cherche le moment furtif et pr\u00e9caire\u00bb, revue INTERFACE n\u00b0 2, interview, radio M\u00e9diane, Pamiers, 09, texte critique, Tara BABEL, revue PERFORMANCE, Festival ALTERNATIVA 4, Londres, GB, \u00e9mission TV, la Vie \u00e0 Plein Temps, FR3  Toulouse, 31, Actualit\u00e9s r\u00e9gionales, exposition au CECB-Air textile, FR3 Paris Ile de \tFrance, 75<\/p>\n1985\ttexte critique  Luc LEROUGE  in revue INTERFACE n\u00b01, Paris, 75, Egidio ALVARO  \u00ab L\u2019ARC ET LA FL\u00c8CHE \u00bb, in revue INTERFACE n\u00b01, \tParis, 75, interview de Myriam MARTIN, Radio FMR, Paris, 75, \u00e9mission TV, Action 3, FR3 Paris Ile de France, 75<\/p>\n1984\ttexte critique , Egidio ALVARO  \u00ab L\u2019ARC ET LA FL\u00c8CHE \u00bb, Paris, 75, article, Egidio ALVARO, \u00ab NOVA PINTURA, VELHOS TABUS \u00bb, Diaros de Noticias, Portugal\n\n\t\t\t\t\t\t\t\t<\/div>\n\t\t\t\t<\/div>\n\t\t\t\t\t<\/div>\n\t\t<\/div>\n\t\t\t\t\t<\/div>\n\t\t<\/section>\n\t\t\t\t<section class=\"elementor-section elementor-top-section elementor-element elementor-element-26ade59 elementor-section-boxed elementor-section-height-default elementor-section-height-default\" data-id=\"26ade59\" data-element_type=\"section\">\n\t\t\t\t\t\t<div class=\"elementor-container elementor-column-gap-default\">\n\t\t\t\t\t<div class=\"elementor-column elementor-col-100 elementor-top-column elementor-element elementor-element-24a15d0\" data-id=\"24a15d0\" data-element_type=\"column\">\n\t\t\t<div class=\"elementor-widget-wrap elementor-element-populated\">\n\t\t\t\t\t\t<div class=\"elementor-element elementor-element-062f310 elementor-view-default elementor-widget elementor-widget-icon\" data-id=\"062f310\" data-element_type=\"widget\" data-widget_type=\"icon.default\">\n\t\t\t\t<div class=\"elementor-widget-container\">\n\t\t\t\t\t\t\t<div class=\"elementor-icon-wrapper\">\n\t\t\t<a class=\"elementor-icon\" href=\"https:\/\/www.luclerouge.net\/blog\/a-propos\/\">\n\t\t\t<i aria-hidden=\"true\" class=\"far fa-arrow-alt-circle-up\"><\/i>\t\t\t<\/a>\n\t\t<\/div>\n\t\t\t\t\t\t<\/div>\n\t\t\t\t<\/div>\n\t\t\t\t\t<\/div>\n\t\t<\/div>\n\t\t\t\t\t<\/div>\n\t\t<\/section>\n\t\t\t\t<\/div>\n\t\t","protected":false},"excerpt":{"rendered":"<p>Presse et bibliographies 2022 article d&rsquo;Emma Neige \u00ab Diagonale espace critique, un combat culturel\u00bb, L&rsquo;Humanit\u00e9 2020 article \u00ab sans masque ni virus\u00bb, Midi Libre 2018 article \u00ab sans gaz ni trompette \u00bb, Midi Libre 2017 article Une exposition singuli\u00e8re \u00ab sans gaz ni trompette \u00bb, Midi Libre 2014 article CONTENANT\/CONTENU, galerie 4 BARBIER, La Gazette [&hellip;]<\/p>\n","protected":false},"author":1,"featured_media":0,"parent":1132,"menu_order":5,"comment_status":"closed","ping_status":"open","template":"","meta":{"site-sidebar-layout":"default","site-content-layout":"default","ast-site-content-layout":"default","site-content-style":"default","site-sidebar-style":"default","ast-global-header-display":"","ast-banner-title-visibility":"","ast-main-header-display":"","ast-hfb-above-header-display":"","ast-hfb-below-header-display":"","ast-hfb-mobile-header-display":"","site-post-title":"","ast-breadcrumbs-content":"","ast-featured-img":"","footer-sml-layout":"","ast-disable-related-posts":"","theme-transparent-header-meta":"default","adv-header-id-meta":"","stick-header-meta":"","header-above-stick-meta":"","header-main-stick-meta":"","header-below-stick-meta":"","astra-migrate-meta-layouts":"default","ast-page-background-enabled":"default","ast-page-background-meta":{"desktop":{"background-color":"","background-image":"","background-repeat":"repeat","background-position":"center center","background-size":"auto","background-attachment":"scroll","background-type":"","background-media":"","overlay-type":"","overlay-color":"","overlay-opacity":"","overlay-gradient":""},"tablet":{"background-color":"","background-image":"","background-repeat":"repeat","background-position":"center center","background-size":"auto","background-attachment":"scroll","background-type":"","background-media":"","overlay-type":"","overlay-color":"","overlay-opacity":"","overlay-gradient":""},"mobile":{"background-color":"","background-image":"","background-repeat":"repeat","background-position":"center center","background-size":"auto","background-attachment":"scroll","background-type":"","background-media":"","overlay-type":"","overlay-color":"","overlay-opacity":"","overlay-gradient":""}},"ast-content-background-meta":{"desktop":{"background-color":"var(--ast-global-color-5)","background-image":"","background-repeat":"repeat","background-position":"center center","background-size":"auto","background-attachment":"scroll","background-type":"","background-media":"","overlay-type":"","overlay-color":"","overlay-opacity":"","overlay-gradient":""},"tablet":{"background-color":"var(--ast-global-color-5)","background-image":"","background-repeat":"repeat","background-position":"center center","background-size":"auto","background-attachment":"scroll","background-type":"","background-media":"","overlay-type":"","overlay-color":"","overlay-opacity":"","overlay-gradient":""},"mobile":{"background-color":"var(--ast-global-color-5)","background-image":"","background-repeat":"repeat","background-position":"center center","background-size":"auto","background-attachment":"scroll","background-type":"","background-media":"","overlay-type":"","overlay-color":"","overlay-opacity":"","overlay-gradient":""}},"footnotes":""},"class_list":["post-579","page","type-page","status-publish","hentry"],"yoast_head":"<!-- This site is optimized with the Yoast SEO plugin v26.5 - https:\/\/yoast.com\/wordpress\/plugins\/seo\/ -->\n<title>Site-officiel-de-Luc-Lerouge-accueil<\/title>\n<meta name=\"description\" content=\"D\u00e9couvrez le parcours de l&#039;artiste plasticien Luc Lerouge\" \/>\n<meta name=\"robots\" content=\"index, follow, max-snippet:-1, max-image-preview:large, max-video-preview:-1\" \/>\n<link rel=\"canonical\" href=\"https:\/\/www.luclerouge.net\/blog\/a-propos\/presse-et-catalogues\/\" \/>\n<meta property=\"og:locale\" content=\"fr_FR\" \/>\n<meta property=\"og:type\" content=\"article\" \/>\n<meta property=\"og:title\" content=\"Site-officiel-de-Luc-Lerouge-accueil\" \/>\n<meta property=\"og:description\" content=\"D\u00e9couvrez le parcours de l&#039;artiste plasticien Luc Lerouge\" \/>\n<meta property=\"og:url\" content=\"https:\/\/www.luclerouge.net\/blog\/a-propos\/presse-et-catalogues\/\" \/>\n<meta property=\"og:site_name\" content=\"Luc Lerouge-artiste plasticien\" \/>\n<meta property=\"article:modified_time\" content=\"2022-08-04T14:34:01+00:00\" \/>\n<meta property=\"og:image\" content=\"https:\/\/www.luclerouge.net\/blog\/wp-content\/uploads\/2023\/02\/la-peinture-nen-deplaise.jpg\" \/>\n\t<meta property=\"og:image:width\" content=\"478\" \/>\n\t<meta property=\"og:image:height\" content=\"369\" \/>\n\t<meta property=\"og:image:type\" content=\"image\/jpeg\" \/>\n<meta name=\"twitter:card\" content=\"summary_large_image\" \/>\n<meta name=\"twitter:label1\" content=\"Dur\u00e9e de lecture estim\u00e9e\" \/>\n\t<meta name=\"twitter:data1\" content=\"3 minutes\" \/>\n<script type=\"application\/ld+json\" class=\"yoast-schema-graph\">{\"@context\":\"https:\/\/schema.org\",\"@graph\":[{\"@type\":\"WebPage\",\"@id\":\"https:\/\/www.luclerouge.net\/blog\/a-propos\/presse-et-catalogues\/\",\"url\":\"https:\/\/www.luclerouge.net\/blog\/a-propos\/presse-et-catalogues\/\",\"name\":\"Site-officiel-de-Luc-Lerouge-accueil\",\"isPartOf\":{\"@id\":\"https:\/\/www.luclerouge.net\/blog\/#website\"},\"datePublished\":\"2021-01-19T15:37:00+00:00\",\"dateModified\":\"2022-08-04T14:34:01+00:00\",\"description\":\"D\u00e9couvrez le parcours de l'artiste plasticien Luc Lerouge\",\"breadcrumb\":{\"@id\":\"https:\/\/www.luclerouge.net\/blog\/a-propos\/presse-et-catalogues\/#breadcrumb\"},\"inLanguage\":\"fr-FR\",\"potentialAction\":[{\"@type\":\"ReadAction\",\"target\":[\"https:\/\/www.luclerouge.net\/blog\/a-propos\/presse-et-catalogues\/\"]}]},{\"@type\":\"BreadcrumbList\",\"@id\":\"https:\/\/www.luclerouge.net\/blog\/a-propos\/presse-et-catalogues\/#breadcrumb\",\"itemListElement\":[{\"@type\":\"ListItem\",\"position\":1,\"name\":\"Accueil\",\"item\":\"https:\/\/www.luclerouge.net\/blog\/\"},{\"@type\":\"ListItem\",\"position\":2,\"name\":\"\u00e0 propos\",\"item\":\"https:\/\/www.luclerouge.net\/blog\/a-propos\/\"},{\"@type\":\"ListItem\",\"position\":3,\"name\":\"bibliographies\"}]},{\"@type\":\"WebSite\",\"@id\":\"https:\/\/www.luclerouge.net\/blog\/#website\",\"url\":\"https:\/\/www.luclerouge.net\/blog\/\",\"name\":\"Luc Lerouge-artiste plasticien\",\"description\":\"D\u00e9couvrez le parcours artistique de Luc Lerouge-artiste plasticie -peinture- performance-installation.\",\"alternateName\":\"luclerouge\",\"potentialAction\":[{\"@type\":\"SearchAction\",\"target\":{\"@type\":\"EntryPoint\",\"urlTemplate\":\"https:\/\/www.luclerouge.net\/blog\/?s={search_term_string}\"},\"query-input\":{\"@type\":\"PropertyValueSpecification\",\"valueRequired\":true,\"valueName\":\"search_term_string\"}}],\"inLanguage\":\"fr-FR\"}]}<\/script>\n<!-- \/ Yoast SEO plugin. -->","yoast_head_json":{"title":"Site-officiel-de-Luc-Lerouge-accueil","description":"D\u00e9couvrez le parcours de l'artiste plasticien Luc Lerouge","robots":{"index":"index","follow":"follow","max-snippet":"max-snippet:-1","max-image-preview":"max-image-preview:large","max-video-preview":"max-video-preview:-1"},"canonical":"https:\/\/www.luclerouge.net\/blog\/a-propos\/presse-et-catalogues\/","og_locale":"fr_FR","og_type":"article","og_title":"Site-officiel-de-Luc-Lerouge-accueil","og_description":"D\u00e9couvrez le parcours de l'artiste plasticien Luc Lerouge","og_url":"https:\/\/www.luclerouge.net\/blog\/a-propos\/presse-et-catalogues\/","og_site_name":"Luc Lerouge-artiste plasticien","article_modified_time":"2022-08-04T14:34:01+00:00","og_image":[{"width":478,"height":369,"url":"https:\/\/www.luclerouge.net\/blog\/wp-content\/uploads\/2023\/02\/la-peinture-nen-deplaise.jpg","type":"image\/jpeg"}],"twitter_card":"summary_large_image","twitter_misc":{"Dur\u00e9e de lecture estim\u00e9e":"3 minutes"},"schema":{"@context":"https:\/\/schema.org","@graph":[{"@type":"WebPage","@id":"https:\/\/www.luclerouge.net\/blog\/a-propos\/presse-et-catalogues\/","url":"https:\/\/www.luclerouge.net\/blog\/a-propos\/presse-et-catalogues\/","name":"Site-officiel-de-Luc-Lerouge-accueil","isPartOf":{"@id":"https:\/\/www.luclerouge.net\/blog\/#website"},"datePublished":"2021-01-19T15:37:00+00:00","dateModified":"2022-08-04T14:34:01+00:00","description":"D\u00e9couvrez le parcours de l'artiste plasticien Luc Lerouge","breadcrumb":{"@id":"https:\/\/www.luclerouge.net\/blog\/a-propos\/presse-et-catalogues\/#breadcrumb"},"inLanguage":"fr-FR","potentialAction":[{"@type":"ReadAction","target":["https:\/\/www.luclerouge.net\/blog\/a-propos\/presse-et-catalogues\/"]}]},{"@type":"BreadcrumbList","@id":"https:\/\/www.luclerouge.net\/blog\/a-propos\/presse-et-catalogues\/#breadcrumb","itemListElement":[{"@type":"ListItem","position":1,"name":"Accueil","item":"https:\/\/www.luclerouge.net\/blog\/"},{"@type":"ListItem","position":2,"name":"\u00e0 propos","item":"https:\/\/www.luclerouge.net\/blog\/a-propos\/"},{"@type":"ListItem","position":3,"name":"bibliographies"}]},{"@type":"WebSite","@id":"https:\/\/www.luclerouge.net\/blog\/#website","url":"https:\/\/www.luclerouge.net\/blog\/","name":"Luc Lerouge-artiste plasticien","description":"D\u00e9couvrez le parcours artistique de Luc Lerouge-artiste plasticie -peinture- performance-installation.","alternateName":"luclerouge","potentialAction":[{"@type":"SearchAction","target":{"@type":"EntryPoint","urlTemplate":"https:\/\/www.luclerouge.net\/blog\/?s={search_term_string}"},"query-input":{"@type":"PropertyValueSpecification","valueRequired":true,"valueName":"search_term_string"}}],"inLanguage":"fr-FR"}]}},"_links":{"self":[{"href":"https:\/\/www.luclerouge.net\/blog\/wp-json\/wp\/v2\/pages\/579","targetHints":{"allow":["GET"]}}],"collection":[{"href":"https:\/\/www.luclerouge.net\/blog\/wp-json\/wp\/v2\/pages"}],"about":[{"href":"https:\/\/www.luclerouge.net\/blog\/wp-json\/wp\/v2\/types\/page"}],"author":[{"embeddable":true,"href":"https:\/\/www.luclerouge.net\/blog\/wp-json\/wp\/v2\/users\/1"}],"replies":[{"embeddable":true,"href":"https:\/\/www.luclerouge.net\/blog\/wp-json\/wp\/v2\/comments?post=579"}],"version-history":[{"count":25,"href":"https:\/\/www.luclerouge.net\/blog\/wp-json\/wp\/v2\/pages\/579\/revisions"}],"predecessor-version":[{"id":2569,"href":"https:\/\/www.luclerouge.net\/blog\/wp-json\/wp\/v2\/pages\/579\/revisions\/2569"}],"up":[{"embeddable":true,"href":"https:\/\/www.luclerouge.net\/blog\/wp-json\/wp\/v2\/pages\/1132"}],"wp:attachment":[{"href":"https:\/\/www.luclerouge.net\/blog\/wp-json\/wp\/v2\/media?parent=579"}],"curies":[{"name":"wp","href":"https:\/\/api.w.org\/{rel}","templated":true}]}}