{"id":4,"date":"2008-06-11T16:41:25","date_gmt":"2008-06-11T14:41:25","guid":{"rendered":"http:\/\/www.luclerouge.net\/?page_id=4"},"modified":"2025-12-11T18:20:48","modified_gmt":"2025-12-11T16:20:48","slug":"contact","status":"publish","type":"page","link":"https:\/\/www.luclerouge.net\/blog\/contact\/","title":{"rendered":"contact"},"content":{"rendered":"\t\t<div data-elementor-type=\"wp-page\" data-elementor-id=\"4\" class=\"elementor elementor-4\">\n\t\t\t\t\t\t<section class=\"elementor-section elementor-top-section elementor-element elementor-element-a734206 elementor-section-boxed elementor-section-height-default elementor-section-height-default\" data-id=\"a734206\" data-element_type=\"section\">\n\t\t\t\t\t\t<div class=\"elementor-container elementor-column-gap-default\">\n\t\t\t\t\t<div class=\"elementor-column elementor-col-100 elementor-top-column elementor-element elementor-element-b12c9c8\" data-id=\"b12c9c8\" data-element_type=\"column\">\n\t\t\t<div class=\"elementor-widget-wrap elementor-element-populated\">\n\t\t\t\t\t\t<div class=\"elementor-element elementor-element-b7baba5 elementor-widget elementor-widget-image\" data-id=\"b7baba5\" data-element_type=\"widget\" data-widget_type=\"image.default\">\n\t\t\t\t<div class=\"elementor-widget-container\">\n\t\t\t\t\t\t\t\t\t\t\t\t\t\t\t<img decoding=\"async\" width=\"150\" height=\"150\" src=\"https:\/\/www.luclerouge.net\/blog\/wp-content\/uploads\/2025\/12\/cropped-Luc-Lerouge-sigle-150x150.jpg\" class=\"attachment-thumbnail size-thumbnail wp-image-2640\" alt=\"\" srcset=\"https:\/\/www.luclerouge.net\/blog\/wp-content\/uploads\/2025\/12\/cropped-Luc-Lerouge-sigle-150x150.jpg 150w, https:\/\/www.luclerouge.net\/blog\/wp-content\/uploads\/2025\/12\/cropped-Luc-Lerouge-sigle-300x300.jpg 300w, https:\/\/www.luclerouge.net\/blog\/wp-content\/uploads\/2025\/12\/cropped-Luc-Lerouge-sigle-270x270.jpg 270w, https:\/\/www.luclerouge.net\/blog\/wp-content\/uploads\/2025\/12\/cropped-Luc-Lerouge-sigle-192x192.jpg 192w, https:\/\/www.luclerouge.net\/blog\/wp-content\/uploads\/2025\/12\/cropped-Luc-Lerouge-sigle-180x180.jpg 180w, https:\/\/www.luclerouge.net\/blog\/wp-content\/uploads\/2025\/12\/cropped-Luc-Lerouge-sigle-32x32.jpg 32w, https:\/\/www.luclerouge.net\/blog\/wp-content\/uploads\/2025\/12\/cropped-Luc-Lerouge-sigle.jpg 512w\" sizes=\"(max-width: 150px) 100vw, 150px\" \/>\t\t\t\t\t\t\t\t\t\t\t\t\t\t\t<\/div>\n\t\t\t\t<\/div>\n\t\t\t\t\t<\/div>\n\t\t<\/div>\n\t\t\t\t\t<\/div>\n\t\t<\/section>\n\t\t\t\t<section class=\"elementor-section elementor-top-section elementor-element elementor-element-ee689f1 elementor-section-boxed elementor-section-height-default elementor-section-height-default\" data-id=\"ee689f1\" data-element_type=\"section\">\n\t\t\t\t\t\t<div class=\"elementor-container elementor-column-gap-default\">\n\t\t\t\t\t<div class=\"elementor-column elementor-col-100 elementor-top-column elementor-element elementor-element-6cd24cd\" data-id=\"6cd24cd\" data-element_type=\"column\">\n\t\t\t<div class=\"elementor-widget-wrap elementor-element-populated\">\n\t\t\t\t\t\t<div class=\"elementor-element elementor-element-caecbc5 elementor-invisible elementor-widget elementor-widget-text-editor\" data-id=\"caecbc5\" data-element_type=\"widget\" data-settings=\"{&quot;_animation&quot;:&quot;flash&quot;}\" data-widget_type=\"text-editor.default\">\n\t\t\t\t<div class=\"elementor-widget-container\">\n\t\t\t\t\t\t\t\t\tpour me contacter: <a> luc.lerouge@orange .fr<\/a>\t\t\t\t\t\t\t\t<\/div>\n\t\t\t\t<\/div>\n\t\t\t\t\t<\/div>\n\t\t<\/div>\n\t\t\t\t\t<\/div>\n\t\t<\/section>\n\t\t\t\t<section class=\"elementor-section elementor-top-section elementor-element elementor-element-cd54338 elementor-section-boxed elementor-section-height-default elementor-section-height-default\" data-id=\"cd54338\" data-element_type=\"section\">\n\t\t\t\t\t\t<div class=\"elementor-container elementor-column-gap-default\">\n\t\t\t\t\t<div class=\"elementor-column elementor-col-100 elementor-top-column elementor-element elementor-element-b1c75e3\" data-id=\"b1c75e3\" data-element_type=\"column\">\n\t\t\t<div class=\"elementor-widget-wrap elementor-element-populated\">\n\t\t\t\t\t\t<div class=\"elementor-element elementor-element-7c870da elementor-widget elementor-widget-text-editor\" data-id=\"7c870da\" data-element_type=\"widget\" data-widget_type=\"text-editor.default\">\n\t\t\t\t<div class=\"elementor-widget-container\">\n\t\t\t\t\t\t\t\t\t<p>cr\u00e9dits photos: Bernard Fran\u00e7ois photographe qui a contribu\u00e9 tr\u00e8s largement \u00e0 la constitution des traces photographiques de ce site<\/p>\t\t\t\t\t\t\t\t<\/div>\n\t\t\t\t<\/div>\n\t\t\t\t\t<\/div>\n\t\t<\/div>\n\t\t\t\t\t<\/div>\n\t\t<\/section>\n\t\t\t\t<section class=\"elementor-section elementor-top-section elementor-element elementor-element-dcdaec0 elementor-section-boxed elementor-section-height-default elementor-section-height-default\" data-id=\"dcdaec0\" data-element_type=\"section\">\n\t\t\t\t\t\t<div class=\"elementor-container elementor-column-gap-default\">\n\t\t\t\t\t<div class=\"elementor-column elementor-col-100 elementor-top-column elementor-element elementor-element-35cd581\" data-id=\"35cd581\" data-element_type=\"column\">\n\t\t\t<div class=\"elementor-widget-wrap elementor-element-populated\">\n\t\t\t\t\t\t<div class=\"elementor-element elementor-element-57777ec elementor-widget elementor-widget-text-editor\" data-id=\"57777ec\" data-element_type=\"widget\" data-widget_type=\"text-editor.default\">\n\t\t\t\t<div class=\"elementor-widget-container\">\n\t\t\t\t\t\t\t\t\tprincipaux liens professionnels:\n\t\t\t\t\t\t\t\t<\/div>\n\t\t\t\t<\/div>\n\t\t\t\t\t<\/div>\n\t\t<\/div>\n\t\t\t\t\t<\/div>\n\t\t<\/section>\n\t\t\t\t<section class=\"elementor-section elementor-top-section elementor-element elementor-element-81f664c elementor-section-boxed elementor-section-height-default elementor-section-height-default\" data-id=\"81f664c\" data-element_type=\"section\">\n\t\t\t\t\t\t<div class=\"elementor-container elementor-column-gap-default\">\n\t\t\t\t\t<div class=\"elementor-column elementor-col-100 elementor-top-column elementor-element elementor-element-7d95881\" data-id=\"7d95881\" data-element_type=\"column\">\n\t\t\t<div class=\"elementor-widget-wrap elementor-element-populated\">\n\t\t\t\t\t\t<div class=\"elementor-element elementor-element-920b687 elementor-widget elementor-widget-text-editor\" data-id=\"920b687\" data-element_type=\"widget\" data-widget_type=\"text-editor.default\">\n\t\t\t\t<div class=\"elementor-widget-container\">\n\t\t\t\t\t\t\t\t\t<a href=\"https:\/\/fraap.org\/\">\nF\u00e9d\u00e9ration et r\u00e9seaux des Associations d&rsquo;Artistes Plasticiens<\/a>. Cette f\u00e9d\u00e9ration contribue aussi \u00e0 la professionnalisation des artistes au sein de leurs associations en voulant cr\u00e9er notamment un centre de ressources\t\t\t\t\t\t\t\t<\/div>\n\t\t\t\t<\/div>\n\t\t\t\t\t<\/div>\n\t\t<\/div>\n\t\t\t\t\t<\/div>\n\t\t<\/section>\n\t\t\t\t<section class=\"elementor-section elementor-top-section elementor-element elementor-element-cebfe46 elementor-section-boxed elementor-section-height-default elementor-section-height-default\" data-id=\"cebfe46\" data-element_type=\"section\">\n\t\t\t\t\t\t<div class=\"elementor-container elementor-column-gap-default\">\n\t\t\t\t\t<div class=\"elementor-column elementor-col-100 elementor-top-column elementor-element elementor-element-b6db683\" data-id=\"b6db683\" data-element_type=\"column\">\n\t\t\t<div class=\"elementor-widget-wrap elementor-element-populated\">\n\t\t\t\t\t\t<div class=\"elementor-element elementor-element-960c7d2 elementor-widget elementor-widget-text-editor\" data-id=\"960c7d2\" data-element_type=\"widget\" data-widget_type=\"text-editor.default\">\n\t\t\t\t<div class=\"elementor-widget-container\">\n\t\t\t\t\t\t\t\t\t<a href=\"http:\/\/caap.asso.fr\/\">Comit\u00e9 d&rsquo;auteurs artistes plasticiens<\/a> Le Caap soutient les droits des artistes\t\t\t\t\t\t\t\t<\/div>\n\t\t\t\t<\/div>\n\t\t\t\t\t<\/div>\n\t\t<\/div>\n\t\t\t\t\t<\/div>\n\t\t<\/section>\n\t\t\t\t<section class=\"elementor-section elementor-top-section elementor-element elementor-element-e788126 elementor-section-boxed elementor-section-height-default elementor-section-height-default\" data-id=\"e788126\" data-element_type=\"section\">\n\t\t\t\t\t\t<div class=\"elementor-container elementor-column-gap-default\">\n\t\t\t\t\t<div class=\"elementor-column elementor-col-100 elementor-top-column elementor-element elementor-element-7c3538c\" data-id=\"7c3538c\" data-element_type=\"column\">\n\t\t\t<div class=\"elementor-widget-wrap elementor-element-populated\">\n\t\t\t\t\t\t<div class=\"elementor-element elementor-element-66b888a elementor-widget elementor-widget-text-editor\" data-id=\"66b888a\" data-element_type=\"widget\" data-widget_type=\"text-editor.default\">\n\t\t\t\t<div class=\"elementor-widget-container\">\n\t\t\t\t\t\t\t\t\t<a href=\"https:\/\/www.cnap.fr\/ministere-de-la-culture-0\">Cnap<\/a> du Minist\u00e8re de la Culture, lieu ressouces utile pour la profession\t\t\t\t\t\t\t\t<\/div>\n\t\t\t\t<\/div>\n\t\t\t\t\t<\/div>\n\t\t<\/div>\n\t\t\t\t\t<\/div>\n\t\t<\/section>\n\t\t\t\t<\/div>\n\t\t","protected":false},"excerpt":{"rendered":"<p>pour me contacter: luc.lerouge@orange .fr cr\u00e9dits photos: Bernard Fran\u00e7ois photographe qui a contribu\u00e9 tr\u00e8s largement \u00e0 la constitution des traces photographiques de ce site principaux liens professionnels: F\u00e9d\u00e9ration et r\u00e9seaux des Associations d&rsquo;Artistes Plasticiens. Cette f\u00e9d\u00e9ration contribue aussi \u00e0 la professionnalisation des artistes au sein de leurs associations en voulant cr\u00e9er notamment un centre de [&hellip;]<\/p>\n","protected":false},"author":1,"featured_media":0,"parent":0,"menu_order":4,"comment_status":"closed","ping_status":"closed","template":"","meta":{"site-sidebar-layout":"default","site-content-layout":"","ast-site-content-layout":"default","site-content-style":"default","site-sidebar-style":"default","ast-global-header-display":"","ast-banner-title-visibility":"","ast-main-header-display":"","ast-hfb-above-header-display":"","ast-hfb-below-header-display":"","ast-hfb-mobile-header-display":"","site-post-title":"","ast-breadcrumbs-content":"","ast-featured-img":"","footer-sml-layout":"","ast-disable-related-posts":"","theme-transparent-header-meta":"","adv-header-id-meta":"","stick-header-meta":"","header-above-stick-meta":"","header-main-stick-meta":"","header-below-stick-meta":"","astra-migrate-meta-layouts":"default","ast-page-background-enabled":"default","ast-page-background-meta":{"desktop":{"background-color":"","background-image":"","background-repeat":"repeat","background-position":"center center","background-size":"auto","background-attachment":"scroll","background-type":"","background-media":"","overlay-type":"","overlay-color":"","overlay-opacity":"","overlay-gradient":""},"tablet":{"background-color":"","background-image":"","background-repeat":"repeat","background-position":"center center","background-size":"auto","background-attachment":"scroll","background-type":"","background-media":"","overlay-type":"","overlay-color":"","overlay-opacity":"","overlay-gradient":""},"mobile":{"background-color":"","background-image":"","background-repeat":"repeat","background-position":"center center","background-size":"auto","background-attachment":"scroll","background-type":"","background-media":"","overlay-type":"","overlay-color":"","overlay-opacity":"","overlay-gradient":""}},"ast-content-background-meta":{"desktop":{"background-color":"var(--ast-global-color-5)","background-image":"","background-repeat":"repeat","background-position":"center center","background-size":"auto","background-attachment":"scroll","background-type":"","background-media":"","overlay-type":"","overlay-color":"","overlay-opacity":"","overlay-gradient":""},"tablet":{"background-color":"var(--ast-global-color-5)","background-image":"","background-repeat":"repeat","background-position":"center center","background-size":"auto","background-attachment":"scroll","background-type":"","background-media":"","overlay-type":"","overlay-color":"","overlay-opacity":"","overlay-gradient":""},"mobile":{"background-color":"var(--ast-global-color-5)","background-image":"","background-repeat":"repeat","background-position":"center center","background-size":"auto","background-attachment":"scroll","background-type":"","background-media":"","overlay-type":"","overlay-color":"","overlay-opacity":"","overlay-gradient":""}},"footnotes":""},"class_list":["post-4","page","type-page","status-publish","hentry"],"yoast_head":"<!-- This site is optimized with the Yoast SEO plugin v26.5 - https:\/\/yoast.com\/wordpress\/plugins\/seo\/ -->\n<title>Site-officiel-de-Luc-Lerouge-accueil<\/title>\n<meta name=\"description\" content=\"D\u00e9couvrez le parcours de l&#039;artiste plasticien Luc Lerouge\" \/>\n<meta name=\"robots\" content=\"index, follow, max-snippet:-1, max-image-preview:large, max-video-preview:-1\" \/>\n<link rel=\"canonical\" href=\"https:\/\/www.luclerouge.net\/blog\/contact\/\" \/>\n<meta property=\"og:locale\" content=\"fr_FR\" \/>\n<meta property=\"og:type\" content=\"article\" \/>\n<meta property=\"og:title\" content=\"Site-officiel-de-Luc-Lerouge-accueil\" \/>\n<meta property=\"og:description\" content=\"D\u00e9couvrez le parcours de l&#039;artiste plasticien Luc Lerouge\" \/>\n<meta property=\"og:url\" content=\"https:\/\/www.luclerouge.net\/blog\/contact\/\" \/>\n<meta property=\"og:site_name\" content=\"Luc Lerouge-artiste plasticien\" \/>\n<meta property=\"article:modified_time\" content=\"2025-12-11T16:20:48+00:00\" \/>\n<meta property=\"og:image\" content=\"https:\/\/www.luclerouge.net\/blog\/wp-content\/uploads\/2025\/12\/cropped-Luc-Lerouge-sigle.jpg\" \/>\n\t<meta property=\"og:image:width\" content=\"512\" \/>\n\t<meta property=\"og:image:height\" content=\"512\" \/>\n\t<meta property=\"og:image:type\" content=\"image\/jpeg\" \/>\n<meta name=\"twitter:card\" content=\"summary_large_image\" \/>\n<meta name=\"twitter:label1\" content=\"Dur\u00e9e de lecture estim\u00e9e\" \/>\n\t<meta name=\"twitter:data1\" content=\"1 minute\" \/>\n<script type=\"application\/ld+json\" class=\"yoast-schema-graph\">{\"@context\":\"https:\/\/schema.org\",\"@graph\":[{\"@type\":\"WebPage\",\"@id\":\"https:\/\/www.luclerouge.net\/blog\/contact\/\",\"url\":\"https:\/\/www.luclerouge.net\/blog\/contact\/\",\"name\":\"Site-officiel-de-Luc-Lerouge-accueil\",\"isPartOf\":{\"@id\":\"https:\/\/www.luclerouge.net\/blog\/#website\"},\"primaryImageOfPage\":{\"@id\":\"https:\/\/www.luclerouge.net\/blog\/contact\/#primaryimage\"},\"image\":{\"@id\":\"https:\/\/www.luclerouge.net\/blog\/contact\/#primaryimage\"},\"thumbnailUrl\":\"https:\/\/www.luclerouge.net\/blog\/wp-content\/uploads\/2025\/12\/cropped-Luc-Lerouge-sigle-150x150.jpg\",\"datePublished\":\"2008-06-11T14:41:25+00:00\",\"dateModified\":\"2025-12-11T16:20:48+00:00\",\"description\":\"D\u00e9couvrez le parcours de l'artiste plasticien Luc Lerouge\",\"breadcrumb\":{\"@id\":\"https:\/\/www.luclerouge.net\/blog\/contact\/#breadcrumb\"},\"inLanguage\":\"fr-FR\",\"potentialAction\":[{\"@type\":\"ReadAction\",\"target\":[\"https:\/\/www.luclerouge.net\/blog\/contact\/\"]}]},{\"@type\":\"ImageObject\",\"inLanguage\":\"fr-FR\",\"@id\":\"https:\/\/www.luclerouge.net\/blog\/contact\/#primaryimage\",\"url\":\"https:\/\/www.luclerouge.net\/blog\/wp-content\/uploads\/2025\/12\/cropped-Luc-Lerouge-sigle.jpg\",\"contentUrl\":\"https:\/\/www.luclerouge.net\/blog\/wp-content\/uploads\/2025\/12\/cropped-Luc-Lerouge-sigle.jpg\",\"width\":512,\"height\":512,\"caption\":\"Luc Lerouge\"},{\"@type\":\"BreadcrumbList\",\"@id\":\"https:\/\/www.luclerouge.net\/blog\/contact\/#breadcrumb\",\"itemListElement\":[{\"@type\":\"ListItem\",\"position\":1,\"name\":\"Accueil\",\"item\":\"https:\/\/www.luclerouge.net\/blog\/\"},{\"@type\":\"ListItem\",\"position\":2,\"name\":\"contact\"}]},{\"@type\":\"WebSite\",\"@id\":\"https:\/\/www.luclerouge.net\/blog\/#website\",\"url\":\"https:\/\/www.luclerouge.net\/blog\/\",\"name\":\"Luc Lerouge-artiste plasticien\",\"description\":\"D\u00e9couvrez le parcours artistique de Luc Lerouge-artiste plasticie -peinture- performance-installation.\",\"alternateName\":\"luclerouge\",\"potentialAction\":[{\"@type\":\"SearchAction\",\"target\":{\"@type\":\"EntryPoint\",\"urlTemplate\":\"https:\/\/www.luclerouge.net\/blog\/?s={search_term_string}\"},\"query-input\":{\"@type\":\"PropertyValueSpecification\",\"valueRequired\":true,\"valueName\":\"search_term_string\"}}],\"inLanguage\":\"fr-FR\"}]}<\/script>\n<!-- \/ Yoast SEO plugin. -->","yoast_head_json":{"title":"Site-officiel-de-Luc-Lerouge-accueil","description":"D\u00e9couvrez le parcours de l'artiste plasticien Luc Lerouge","robots":{"index":"index","follow":"follow","max-snippet":"max-snippet:-1","max-image-preview":"max-image-preview:large","max-video-preview":"max-video-preview:-1"},"canonical":"https:\/\/www.luclerouge.net\/blog\/contact\/","og_locale":"fr_FR","og_type":"article","og_title":"Site-officiel-de-Luc-Lerouge-accueil","og_description":"D\u00e9couvrez le parcours de l'artiste plasticien Luc Lerouge","og_url":"https:\/\/www.luclerouge.net\/blog\/contact\/","og_site_name":"Luc Lerouge-artiste plasticien","article_modified_time":"2025-12-11T16:20:48+00:00","og_image":[{"width":512,"height":512,"url":"https:\/\/www.luclerouge.net\/blog\/wp-content\/uploads\/2025\/12\/cropped-Luc-Lerouge-sigle.jpg","type":"image\/jpeg"}],"twitter_card":"summary_large_image","twitter_misc":{"Dur\u00e9e de lecture estim\u00e9e":"1 minute"},"schema":{"@context":"https:\/\/schema.org","@graph":[{"@type":"WebPage","@id":"https:\/\/www.luclerouge.net\/blog\/contact\/","url":"https:\/\/www.luclerouge.net\/blog\/contact\/","name":"Site-officiel-de-Luc-Lerouge-accueil","isPartOf":{"@id":"https:\/\/www.luclerouge.net\/blog\/#website"},"primaryImageOfPage":{"@id":"https:\/\/www.luclerouge.net\/blog\/contact\/#primaryimage"},"image":{"@id":"https:\/\/www.luclerouge.net\/blog\/contact\/#primaryimage"},"thumbnailUrl":"https:\/\/www.luclerouge.net\/blog\/wp-content\/uploads\/2025\/12\/cropped-Luc-Lerouge-sigle-150x150.jpg","datePublished":"2008-06-11T14:41:25+00:00","dateModified":"2025-12-11T16:20:48+00:00","description":"D\u00e9couvrez le parcours de l'artiste plasticien Luc Lerouge","breadcrumb":{"@id":"https:\/\/www.luclerouge.net\/blog\/contact\/#breadcrumb"},"inLanguage":"fr-FR","potentialAction":[{"@type":"ReadAction","target":["https:\/\/www.luclerouge.net\/blog\/contact\/"]}]},{"@type":"ImageObject","inLanguage":"fr-FR","@id":"https:\/\/www.luclerouge.net\/blog\/contact\/#primaryimage","url":"https:\/\/www.luclerouge.net\/blog\/wp-content\/uploads\/2025\/12\/cropped-Luc-Lerouge-sigle.jpg","contentUrl":"https:\/\/www.luclerouge.net\/blog\/wp-content\/uploads\/2025\/12\/cropped-Luc-Lerouge-sigle.jpg","width":512,"height":512,"caption":"Luc Lerouge"},{"@type":"BreadcrumbList","@id":"https:\/\/www.luclerouge.net\/blog\/contact\/#breadcrumb","itemListElement":[{"@type":"ListItem","position":1,"name":"Accueil","item":"https:\/\/www.luclerouge.net\/blog\/"},{"@type":"ListItem","position":2,"name":"contact"}]},{"@type":"WebSite","@id":"https:\/\/www.luclerouge.net\/blog\/#website","url":"https:\/\/www.luclerouge.net\/blog\/","name":"Luc Lerouge-artiste plasticien","description":"D\u00e9couvrez le parcours artistique de Luc Lerouge-artiste plasticie -peinture- performance-installation.","alternateName":"luclerouge","potentialAction":[{"@type":"SearchAction","target":{"@type":"EntryPoint","urlTemplate":"https:\/\/www.luclerouge.net\/blog\/?s={search_term_string}"},"query-input":{"@type":"PropertyValueSpecification","valueRequired":true,"valueName":"search_term_string"}}],"inLanguage":"fr-FR"}]}},"_links":{"self":[{"href":"https:\/\/www.luclerouge.net\/blog\/wp-json\/wp\/v2\/pages\/4","targetHints":{"allow":["GET"]}}],"collection":[{"href":"https:\/\/www.luclerouge.net\/blog\/wp-json\/wp\/v2\/pages"}],"about":[{"href":"https:\/\/www.luclerouge.net\/blog\/wp-json\/wp\/v2\/types\/page"}],"author":[{"embeddable":true,"href":"https:\/\/www.luclerouge.net\/blog\/wp-json\/wp\/v2\/users\/1"}],"replies":[{"embeddable":true,"href":"https:\/\/www.luclerouge.net\/blog\/wp-json\/wp\/v2\/comments?post=4"}],"version-history":[{"count":50,"href":"https:\/\/www.luclerouge.net\/blog\/wp-json\/wp\/v2\/pages\/4\/revisions"}],"predecessor-version":[{"id":2658,"href":"https:\/\/www.luclerouge.net\/blog\/wp-json\/wp\/v2\/pages\/4\/revisions\/2658"}],"wp:attachment":[{"href":"https:\/\/www.luclerouge.net\/blog\/wp-json\/wp\/v2\/media?parent=4"}],"curies":[{"name":"wp","href":"https:\/\/api.w.org\/{rel}","templated":true}]}}